{"id":2843,"date":"2023-03-04T14:53:21","date_gmt":"2023-03-04T12:53:21","guid":{"rendered":"https:\/\/www.fischwaid-muenchen.de\/?page_id=2843"},"modified":"2023-03-04T14:58:26","modified_gmt":"2023-03-04T12:58:26","slug":"vorstandschaft","status":"publish","type":"page","link":"https:\/\/www.fischwaid-muenchen.de\/?page_id=2843","title":{"rendered":"Vorstandschaft"},"content":{"rendered":"<div id=\"pl-2843\"  class=\"panel-layout\" ><div id=\"pg-2843-0\"  class=\"panel-grid panel-no-style\" ><div id=\"pgc-2843-0-0\"  class=\"panel-grid-cell\" ><div id=\"panel-2843-0-0-0\" class=\"so-panel widget widget_sow-editor panel-first-child panel-last-child\" data-index=\"0\" ><div class=\"panel-widget-style panel-widget-style-for-2843-0-0-0\" ><div\n\t\t\t\n\t\t\tclass=\"so-widget-sow-editor so-widget-sow-editor-base\"\n\t\t\t\n\t\t>\n<div class=\"siteorigin-widget-tinymce textwidget\">\n\t\n<table id=\"tablepress-12\" class=\"tablepress tablepress-id-12\">\n<thead>\n<tr class=\"row-1\">\n\t<th class=\"column-1\">Name<\/th><th class=\"column-2\">Funktion<\/th><th class=\"column-3\">Bild<\/th>\n<\/tr>\n<\/thead>\n<tbody class=\"row-striping\">\n<tr class=\"row-2\">\n\t<td class=\"column-1\">Patryk KLEWEK<\/td><td class=\"column-2\">1. Vorstand<\/td><td class=\"column-3\"><img loading=\"lazy\" decoding=\"async\" src=\"https:\/\/www.fischwaid-muenchen.de\/wp-content\/uploads\/2024\/07\/Patryk_Klewek_Profilbild.jpg\" alt=\"\" width=\"320\" height=\"400\" class=\"aligncenter size-medium wp-image-1190\" \/><\/td>\n<\/tr>\n<tr class=\"row-3\">\n\t<td class=\"column-1\">Christian HECKER<\/td><td class=\"column-2\">2. Vorstand<\/td><td class=\"column-3\"><img loading=\"lazy\" decoding=\"async\" src=\"https:\/\/www.fischwaid-muenchen.de\/wp-content\/uploads\/2024\/07\/Christian_Hecker_Profilbild.jpg\" alt=\"\" width=\"320\" height=\"400\" class=\"aligncenter size-medium wp-image-1190\" \/><\/td>\n<\/tr>\n<tr class=\"row-4\">\n\t<td class=\"column-1\">Thomas BERGWINKL<\/td><td class=\"column-2\">1. Kassier<\/td><td class=\"column-3\"><img loading=\"lazy\" decoding=\"async\" src=\"https:\/\/www.fischwaid-muenchen.de\/wp-content\/uploads\/2024\/07\/Thomas_Bergwinkl_Profbild.jpg\" alt=\"\" width=\"320\" height=\"400\" class=\"aligncenter size-medium wp-image-1190\" \/><\/td>\n<\/tr>\n<tr class=\"row-5\">\n\t<td class=\"column-1\">Manfred H\u00c4\u00dfNER<\/td><td class=\"column-2\">2. Kassier<\/td><td class=\"column-3\"><img loading=\"lazy\" decoding=\"async\" src=\"https:\/\/www.fischwaid-muenchen.de\/wp-content\/uploads\/2024\/07\/Manfred_Haessner_Profilbild.jpg\" alt=\"\" width=\"320\" height=\"400\" class=\"aligncenter size-medium wp-image-1190\" \/><\/td>\n<\/tr>\n<tr class=\"row-6\">\n\t<td class=\"column-1\">Klaus WENSELOWSKI<\/td><td class=\"column-2\">1. Schriftf\u00fchrer<\/td><td class=\"column-3\"><img loading=\"lazy\" decoding=\"async\" src=\"https:\/\/www.fischwaid-muenchen.de\/wp-content\/uploads\/2024\/07\/Klaus_Wenselowski_klein-scaled.jpg\" alt=\"\" width=\"320\" height=\"400\" class=\"aligncenter size-medium wp-image-1183\" \/><\/td>\n<\/tr>\n<tr class=\"row-7\">\n\t<td class=\"column-1\">Richard GRUCHENBERG<\/td><td class=\"column-2\">2. Schriftf\u00fchrer<\/td><td class=\"column-3\"><img loading=\"lazy\" decoding=\"async\" src=\"https:\/\/www.fischwaid-muenchen.de\/wp-content\/uploads\/2024\/07\/Richard_Gruchenberg_Profilbild.jpg\" alt=\"\" width=\"320\" height=\"400\" class=\"aligncenter size-medium wp-image-142\" \/><\/td>\n<\/tr>\n<tr class=\"row-8\">\n\t<td class=\"column-1\">Thoralf ECKERT<\/td><td class=\"column-2\">1. Gew\u00e4sserwart<\/td><td class=\"column-3\"><img loading=\"lazy\" decoding=\"async\" src=\"https:\/\/www.fischwaid-muenchen.de\/wp-content\/uploads\/2025\/05\/Thoralf_Eckhard_01-200x300.jpg\" alt=\"\" width=\"320\" height=\"400\" class=\"aligncenter size-medium wp-image-142\" \/><\/td>\n<\/tr>\n<tr class=\"row-9\">\n\t<td class=\"column-1\"><\/td><td class=\"column-2\">2. Gew\u00e4sserwart<\/td><td class=\"column-3\"><\/td>\n<\/tr>\n<tr class=\"row-10\">\n\t<td class=\"column-1\">Salvatore ARTURI<\/td><td class=\"column-2\">1. Jugendleiter<\/td><td class=\"column-3\"><img loading=\"lazy\" decoding=\"async\" src=\"https:\/\/www.fischwaid-muenchen.de\/wp-content\/uploads\/2024\/07\/Salvatora_Aturi_Profilbild.jpg\" alt=\"\" width=\"320\" height=\"400\" class=\"aligncenter size-medium wp-image-1190\" \/><\/td>\n<\/tr>\n<tr class=\"row-11\">\n\t<td class=\"column-1\">Klaus WENSELOWSKI<\/td><td class=\"column-2\">2. Jugendleiter<\/td><td class=\"column-3\"><img loading=\"lazy\" decoding=\"async\" src=\"https:\/\/www.fischwaid-muenchen.de\/wp-content\/uploads\/2024\/07\/Klaus_Wenselowski_klein-scaled.jpg\" alt=\"\" width=\"320\" height=\"400\" class=\"aligncenter size-medium wp-image-1183\" \/><\/td>\n<\/tr>\n<tr class=\"row-12\">\n\t<td class=\"column-1\">Luis ST\u00d6GERMEIER<\/td><td class=\"column-2\">1. Ger\u00e4tewart<\/td><td class=\"column-3\"><img loading=\"lazy\" decoding=\"async\" src=\"https:\/\/www.fischwaid-muenchen.de\/wp-content\/uploads\/2024\/05\/StoegermairLuis.jpg\" alt=\"\" width=\"320\" height=\"400\" class=\"aligncenter size-medium wp-image-1189\" \/><\/td>\n<\/tr>\n<tr class=\"row-13\">\n\t<td class=\"column-1\">Alexander HUBER<\/td><td class=\"column-2\">2. Ger\u00e4tewart<\/td><td class=\"column-3\"><img loading=\"lazy\" decoding=\"async\" src=\"https:\/\/www.fischwaid-muenchen.de\/wp-content\/uploads\/2024\/07\/Alexander_Huber_klein-1-scaled.jpg\" alt=\"\" width=\"320\" height=\"400\" class=\"aligncenter size-medium wp-image-1189\" \/><\/td>\n<\/tr>\n<tr class=\"row-14\">\n\t<td class=\"column-1\">nicht besetzt<\/td><td class=\"column-2\">Pressewart<\/td><td class=\"column-3\"><\/td>\n<\/tr>\n<\/tbody>\n<\/table>\n<!-- #tablepress-12 from cache -->\n<\/div>\n<\/div><\/div><\/div><\/div><\/div><\/div>","protected":false},"excerpt":{"rendered":"<p>NameFunktionBild Patryk KLEWEK1. Vorstand Christian HECKER2. Vorstand Thomas BERGWINKL1. Kassier Manfred H\u00c4\u00dfNER2. Kassier Klaus WENSELOWSKI1. Schriftf\u00fchrer Richard GRUCHENBERG2. Schriftf\u00fchrer Thoralf ECKERT1. Gew\u00e4sserwart 2. Gew\u00e4sserwart Salvatore ARTURI1. Jugendleiter Klaus WENSELOWSKI2. Jugendleiter Luis ST\u00d6GERMEIER1. Ger\u00e4tewart Alexander HUBER2. Ger\u00e4tewart nicht besetztPressewart<\/p>\n<p class=\"continue-reading-button\"> <a class=\"continue-reading-link\" href=\"https:\/\/www.fischwaid-muenchen.de\/?page_id=2843\">weiter<i class=\"crycon-right-dir\"><\/i><\/a><\/p>\n","protected":false},"author":2,"featured_media":0,"parent":39,"menu_order":0,"comment_status":"closed","ping_status":"closed","template":"templates\/template-onecolumn.php","meta":{"footnotes":""},"wf_page_folders":[18],"class_list":["post-2843","page","type-page","status-publish","hentry"],"yoast_head":"<!-- This site is optimized with the Yoast SEO plugin v27.4 - https:\/\/yoast.com\/product\/yoast-seo-wordpress\/ -->\n<title>Vorstandschaft - Fischereiverein Fischwaid M\u00fcnchen e.V.<\/title>\n<meta name=\"robots\" content=\"index, follow, max-snippet:-1, max-image-preview:large, max-video-preview:-1\" \/>\n<link rel=\"canonical\" href=\"https:\/\/www.fischwaid-muenchen.de\/?page_id=2843\" \/>\n<meta property=\"og:locale\" content=\"de_DE\" \/>\n<meta property=\"og:type\" content=\"article\" \/>\n<meta property=\"og:title\" content=\"Vorstandschaft - Fischereiverein Fischwaid M\u00fcnchen e.V.\" \/>\n<meta property=\"og:description\" content=\"NameFunktionBild Patryk KLEWEK1. Vorstand Christian HECKER2. Vorstand Thomas BERGWINKL1. Kassier Manfred H\u00c4\u00dfNER2. Kassier Klaus WENSELOWSKI1. Schriftf\u00fchrer Richard GRUCHENBERG2. Schriftf\u00fchrer Thoralf ECKERT1. Gew\u00e4sserwart 2. Gew\u00e4sserwart Salvatore ARTURI1. Jugendleiter Klaus WENSELOWSKI2. Jugendleiter Luis ST\u00d6GERMEIER1. Ger\u00e4tewart Alexander HUBER2. Ger\u00e4tewart nicht besetztPressewart weiter\" \/>\n<meta property=\"og:url\" content=\"https:\/\/www.fischwaid-muenchen.de\/?page_id=2843\" \/>\n<meta property=\"og:site_name\" content=\"Fischereiverein Fischwaid M\u00fcnchen e.V.\" \/>\n<meta property=\"article:publisher\" content=\"https:\/\/www.facebook.com\/Fischereiverein-Fischwaid-Mnchen-eV-175669222446351\" \/>\n<meta property=\"article:modified_time\" content=\"2023-03-04T12:58:26+00:00\" \/>\n<meta name=\"twitter:card\" content=\"summary_large_image\" \/>\n<script type=\"application\/ld+json\" class=\"yoast-schema-graph\">{\"@context\":\"https:\\\/\\\/schema.org\",\"@graph\":[{\"@type\":\"WebPage\",\"@id\":\"https:\\\/\\\/www.fischwaid-muenchen.de\\\/?page_id=2843\",\"url\":\"https:\\\/\\\/www.fischwaid-muenchen.de\\\/?page_id=2843\",\"name\":\"Vorstandschaft - Fischereiverein Fischwaid M\u00fcnchen e.V.\",\"isPartOf\":{\"@id\":\"https:\\\/\\\/www.fischwaid-muenchen.de\\\/#website\"},\"datePublished\":\"2023-03-04T12:53:21+00:00\",\"dateModified\":\"2023-03-04T12:58:26+00:00\",\"breadcrumb\":{\"@id\":\"https:\\\/\\\/www.fischwaid-muenchen.de\\\/?page_id=2843#breadcrumb\"},\"inLanguage\":\"de\",\"potentialAction\":[{\"@type\":\"ReadAction\",\"target\":[\"https:\\\/\\\/www.fischwaid-muenchen.de\\\/?page_id=2843\"]}]},{\"@type\":\"BreadcrumbList\",\"@id\":\"https:\\\/\\\/www.fischwaid-muenchen.de\\\/?page_id=2843#breadcrumb\",\"itemListElement\":[{\"@type\":\"ListItem\",\"position\":1,\"name\":\"Startseite\",\"item\":\"https:\\\/\\\/www.fischwaid-muenchen.de\\\/\"},{\"@type\":\"ListItem\",\"position\":2,\"name\":\"Verein\",\"item\":\"https:\\\/\\\/www.fischwaid-muenchen.de\\\/?page_id=39\"},{\"@type\":\"ListItem\",\"position\":3,\"name\":\"Vorstandschaft\"}]},{\"@type\":\"WebSite\",\"@id\":\"https:\\\/\\\/www.fischwaid-muenchen.de\\\/#website\",\"url\":\"https:\\\/\\\/www.fischwaid-muenchen.de\\\/\",\"name\":\"Fischereiverein Fischwaid M\u00fcnchen e.V.\",\"description\":\"\",\"publisher\":{\"@id\":\"https:\\\/\\\/www.fischwaid-muenchen.de\\\/#organization\"},\"potentialAction\":[{\"@type\":\"SearchAction\",\"target\":{\"@type\":\"EntryPoint\",\"urlTemplate\":\"https:\\\/\\\/www.fischwaid-muenchen.de\\\/?s={search_term_string}\"},\"query-input\":{\"@type\":\"PropertyValueSpecification\",\"valueRequired\":true,\"valueName\":\"search_term_string\"}}],\"inLanguage\":\"de\"},{\"@type\":\"Organization\",\"@id\":\"https:\\\/\\\/www.fischwaid-muenchen.de\\\/#organization\",\"name\":\"Fischwaid M\u00fcnchen e.V.\",\"url\":\"https:\\\/\\\/www.fischwaid-muenchen.de\\\/\",\"logo\":{\"@type\":\"ImageObject\",\"inLanguage\":\"de\",\"@id\":\"https:\\\/\\\/www.fischwaid-muenchen.de\\\/#\\\/schema\\\/logo\\\/image\\\/\",\"url\":\"https:\\\/\\\/www.fischwaid-muenchen.de\\\/wp-content\\\/uploads\\\/2021\\\/05\\\/fischwaid-logo.png\",\"contentUrl\":\"https:\\\/\\\/www.fischwaid-muenchen.de\\\/wp-content\\\/uploads\\\/2021\\\/05\\\/fischwaid-logo.png\",\"width\":1000,\"height\":1195,\"caption\":\"Fischwaid M\u00fcnchen e.V.\"},\"image\":{\"@id\":\"https:\\\/\\\/www.fischwaid-muenchen.de\\\/#\\\/schema\\\/logo\\\/image\\\/\"},\"sameAs\":[\"https:\\\/\\\/www.facebook.com\\\/Fischereiverein-Fischwaid-Mnchen-eV-175669222446351\",\"https:\\\/\\\/www.instagram.com\\\/fischwaid_muenchen_ev\\\/?igshid=YmMyMTA2M2Y=\"]}]}<\/script>\n<!-- \/ Yoast SEO plugin. -->","yoast_head_json":{"title":"Vorstandschaft - Fischereiverein Fischwaid M\u00fcnchen e.V.","robots":{"index":"index","follow":"follow","max-snippet":"max-snippet:-1","max-image-preview":"max-image-preview:large","max-video-preview":"max-video-preview:-1"},"canonical":"https:\/\/www.fischwaid-muenchen.de\/?page_id=2843","og_locale":"de_DE","og_type":"article","og_title":"Vorstandschaft - Fischereiverein Fischwaid M\u00fcnchen e.V.","og_description":"NameFunktionBild Patryk KLEWEK1. Vorstand Christian HECKER2. Vorstand Thomas BERGWINKL1. Kassier Manfred H\u00c4\u00dfNER2. Kassier Klaus WENSELOWSKI1. Schriftf\u00fchrer Richard GRUCHENBERG2. Schriftf\u00fchrer Thoralf ECKERT1. Gew\u00e4sserwart 2. Gew\u00e4sserwart Salvatore ARTURI1. Jugendleiter Klaus WENSELOWSKI2. Jugendleiter Luis ST\u00d6GERMEIER1. Ger\u00e4tewart Alexander HUBER2. Ger\u00e4tewart nicht besetztPressewart weiter","og_url":"https:\/\/www.fischwaid-muenchen.de\/?page_id=2843","og_site_name":"Fischereiverein Fischwaid M\u00fcnchen e.V.","article_publisher":"https:\/\/www.facebook.com\/Fischereiverein-Fischwaid-Mnchen-eV-175669222446351","article_modified_time":"2023-03-04T12:58:26+00:00","twitter_card":"summary_large_image","schema":{"@context":"https:\/\/schema.org","@graph":[{"@type":"WebPage","@id":"https:\/\/www.fischwaid-muenchen.de\/?page_id=2843","url":"https:\/\/www.fischwaid-muenchen.de\/?page_id=2843","name":"Vorstandschaft - Fischereiverein Fischwaid M\u00fcnchen e.V.","isPartOf":{"@id":"https:\/\/www.fischwaid-muenchen.de\/#website"},"datePublished":"2023-03-04T12:53:21+00:00","dateModified":"2023-03-04T12:58:26+00:00","breadcrumb":{"@id":"https:\/\/www.fischwaid-muenchen.de\/?page_id=2843#breadcrumb"},"inLanguage":"de","potentialAction":[{"@type":"ReadAction","target":["https:\/\/www.fischwaid-muenchen.de\/?page_id=2843"]}]},{"@type":"BreadcrumbList","@id":"https:\/\/www.fischwaid-muenchen.de\/?page_id=2843#breadcrumb","itemListElement":[{"@type":"ListItem","position":1,"name":"Startseite","item":"https:\/\/www.fischwaid-muenchen.de\/"},{"@type":"ListItem","position":2,"name":"Verein","item":"https:\/\/www.fischwaid-muenchen.de\/?page_id=39"},{"@type":"ListItem","position":3,"name":"Vorstandschaft"}]},{"@type":"WebSite","@id":"https:\/\/www.fischwaid-muenchen.de\/#website","url":"https:\/\/www.fischwaid-muenchen.de\/","name":"Fischereiverein Fischwaid M\u00fcnchen e.V.","description":"","publisher":{"@id":"https:\/\/www.fischwaid-muenchen.de\/#organization"},"potentialAction":[{"@type":"SearchAction","target":{"@type":"EntryPoint","urlTemplate":"https:\/\/www.fischwaid-muenchen.de\/?s={search_term_string}"},"query-input":{"@type":"PropertyValueSpecification","valueRequired":true,"valueName":"search_term_string"}}],"inLanguage":"de"},{"@type":"Organization","@id":"https:\/\/www.fischwaid-muenchen.de\/#organization","name":"Fischwaid M\u00fcnchen e.V.","url":"https:\/\/www.fischwaid-muenchen.de\/","logo":{"@type":"ImageObject","inLanguage":"de","@id":"https:\/\/www.fischwaid-muenchen.de\/#\/schema\/logo\/image\/","url":"https:\/\/www.fischwaid-muenchen.de\/wp-content\/uploads\/2021\/05\/fischwaid-logo.png","contentUrl":"https:\/\/www.fischwaid-muenchen.de\/wp-content\/uploads\/2021\/05\/fischwaid-logo.png","width":1000,"height":1195,"caption":"Fischwaid M\u00fcnchen e.V."},"image":{"@id":"https:\/\/www.fischwaid-muenchen.de\/#\/schema\/logo\/image\/"},"sameAs":["https:\/\/www.facebook.com\/Fischereiverein-Fischwaid-Mnchen-eV-175669222446351","https:\/\/www.instagram.com\/fischwaid_muenchen_ev\/?igshid=YmMyMTA2M2Y="]}]}},"_links":{"self":[{"href":"https:\/\/www.fischwaid-muenchen.de\/index.php?rest_route=\/wp\/v2\/pages\/2843","targetHints":{"allow":["GET"]}}],"collection":[{"href":"https:\/\/www.fischwaid-muenchen.de\/index.php?rest_route=\/wp\/v2\/pages"}],"about":[{"href":"https:\/\/www.fischwaid-muenchen.de\/index.php?rest_route=\/wp\/v2\/types\/page"}],"author":[{"embeddable":true,"href":"https:\/\/www.fischwaid-muenchen.de\/index.php?rest_route=\/wp\/v2\/users\/2"}],"replies":[{"embeddable":true,"href":"https:\/\/www.fischwaid-muenchen.de\/index.php?rest_route=%2Fwp%2Fv2%2Fcomments&post=2843"}],"version-history":[{"count":0,"href":"https:\/\/www.fischwaid-muenchen.de\/index.php?rest_route=\/wp\/v2\/pages\/2843\/revisions"}],"up":[{"embeddable":true,"href":"https:\/\/www.fischwaid-muenchen.de\/index.php?rest_route=\/wp\/v2\/pages\/39"}],"wp:attachment":[{"href":"https:\/\/www.fischwaid-muenchen.de\/index.php?rest_route=%2Fwp%2Fv2%2Fmedia&parent=2843"}],"wp:term":[{"taxonomy":"wf_page_folders","embeddable":true,"href":"https:\/\/www.fischwaid-muenchen.de\/index.php?rest_route=%2Fwp%2Fv2%2Fwf_page_folders&post=2843"}],"curies":[{"name":"wp","href":"https:\/\/api.w.org\/{rel}","templated":true}]}}