{"id":2594,"date":"2023-02-13T18:34:30","date_gmt":"2023-02-13T16:34:30","guid":{"rendered":"https:\/\/www.fischwaid-muenchen.de\/?page_id=2594"},"modified":"2026-03-04T10:32:03","modified_gmt":"2026-03-04T08:32:03","slug":"startseite-2","status":"publish","type":"page","link":"https:\/\/www.fischwaid-muenchen.de\/","title":{"rendered":""},"content":{"rendered":"<div id=\"pl-2594\"  class=\"panel-layout\" ><div id=\"pg-2594-0\"  class=\"panel-grid panel-no-style\" ><div id=\"pgc-2594-0-0\"  class=\"panel-grid-cell\" ><div id=\"panel-2594-0-0-0\" class=\"so-panel widget widget_siteorigin-panels-builder panel-first-child panel-last-child\" data-index=\"0\" ><div class=\"panel-widget-style panel-widget-style-for-2594-0-0-0\" ><div id=\"pl-w69a7ee0375bb4\"  class=\"panel-layout\" ><div id=\"pg-w69a7ee0375bb4-0\"  class=\"panel-grid panel-no-style\" ><div id=\"pgc-w69a7ee0375bb4-0-0\"  class=\"panel-grid-cell\" ><div id=\"panel-w69a7ee0375bb4-0-0-0\" class=\"so-panel widget widget_sow-editor panel-first-child\" data-index=\"0\" ><div class=\"panel-widget-style panel-widget-style-for-w69a7ee0375bb4-0-0-0\" ><div\n\t\t\t\n\t\t\tclass=\"so-widget-sow-editor so-widget-sow-editor-base\"\n\t\t\t\n\t\t>\n<div class=\"siteorigin-widget-tinymce textwidget\">\n\t<div id=\"marquee\" class=\"marquee\"><span>Seit 01.03. gilt das neue Passwort f\u00fcr den Mitgliederbereich. Bitte beachten.<\/span><\/div>\n<\/div>\n<\/div><\/div><\/div><div id=\"panel-w69a7ee0375bb4-0-0-1\" class=\"so-panel widget widget_siteorigin-panels-builder panel-last-child\" data-index=\"1\" ><div id=\"pl-w63edec4839a46\"  class=\"panel-layout\" ><div id=\"pg-w63edec4839a46-0\"  class=\"panel-grid panel-no-style\" ><div id=\"pgc-w63edec4839a46-0-0\"  class=\"panel-grid-cell\" ><div id=\"panel-w63edec4839a46-0-0-0\" class=\"so-panel widget widget_media_image panel-first-child panel-last-child\" data-index=\"0\" ><img loading=\"lazy\" decoding=\"async\" width=\"251\" height=\"300\" src=\"https:\/\/www.fischwaid-muenchen.de\/wp-content\/uploads\/2021\/05\/fischwaid-logo-251x300.png\" class=\"image wp-image-21  attachment-medium size-medium\" alt=\"\" style=\"max-width: 100%; height: auto;\" srcset=\"https:\/\/www.fischwaid-muenchen.de\/wp-content\/uploads\/2021\/05\/fischwaid-logo-251x300.png 251w, https:\/\/www.fischwaid-muenchen.de\/wp-content\/uploads\/2021\/05\/fischwaid-logo-857x1024.png 857w, https:\/\/www.fischwaid-muenchen.de\/wp-content\/uploads\/2021\/05\/fischwaid-logo-768x918.png 768w, https:\/\/www.fischwaid-muenchen.de\/wp-content\/uploads\/2021\/05\/fischwaid-logo-126x150.png 126w, https:\/\/www.fischwaid-muenchen.de\/wp-content\/uploads\/2021\/05\/fischwaid-logo.png 1000w\" sizes=\"auto, (max-width: 251px) 100vw, 251px\" \/><\/div><\/div><div id=\"pgc-w63edec4839a46-0-1\"  class=\"panel-grid-cell\" ><div id=\"panel-w63edec4839a46-0-1-0\" class=\"so-panel widget widget_sow-editor panel-first-child panel-last-child\" data-index=\"1\" ><div class=\"panel-widget-style panel-widget-style-for-w63edec4839a46-0-1-0\" ><div\n\t\t\t\n\t\t\tclass=\"so-widget-sow-editor so-widget-sow-editor-base\"\n\t\t\t\n\t\t>\n<div class=\"siteorigin-widget-tinymce textwidget\">\n\t<p><span style=\"font-size: 14pt;\"><strong>Ein herzliches Willkommen auf unserer Webseite.<\/strong><\/span><\/p>\n<p><strong><br \/>\n<\/strong><strong>Bei uns findet ihr als Angelfischer landschaftlich sch\u00f6n und ruhig gelegene Gew\u00e4sser mit einem sehr guten und nat\u00fcrlichen Fischbestand.<\/strong><strong><br \/>\n<\/strong><\/p>\n<div data-offset-key=\"c0d4o-0-0\">\n<p><strong>Ihr k\u00f6nnt euer Hobby -das Angeln- sowohl in Still- als auch Flie\u00dfgew\u00e4ssern voll ausleben. Es w\u00fcrde uns freuen, Euch einmal pers\u00f6nlich an einem unserer Gew\u00e4sser begr\u00fc\u00dfen zu d\u00fcrfen.<\/strong><\/p>\n<\/div>\n<div data-offset-key=\"aem02-0-0\">\n<p><strong>In diesem Sinne w\u00fcnschen wir viel Spa\u00df, gute Erholung und vor allem Petri Heil.<\/strong><\/p>\n<p><strong>Die Vorstandschaft<\/strong><\/p>\n<\/div>\n<\/div>\n<\/div><\/div><\/div><\/div><\/div><\/div><\/div><\/div><div id=\"pgc-w69a7ee0375bb4-0-1\"  class=\"panel-grid-cell\" ><div id=\"panel-w69a7ee0375bb4-0-1-0\" class=\"so-panel widget widget_sow-social-media-buttons panel-first-child\" data-index=\"2\" ><div\n\t\t\t\n\t\t\tclass=\"so-widget-sow-social-media-buttons so-widget-sow-social-media-buttons-atom-8986272b25d7\"\n\t\t\t\n\t\t>\n\n<div class=\"social-media-button-container\">\n\t\n\t\t<a \n\t\tclass=\"ow-button-hover sow-social-media-button-facebook-0 sow-social-media-button\" title=\"Facebook\" aria-label=\"Facebook\" target=\"_blank\" rel=\"noopener noreferrer\" href=\"https:\/\/de-de.facebook.com\/pages\/category\/Sports---Recreation\/Fischereiverein-Fischwaid-M%C3%BCnchen-eV-175669222446351\/\" \t\t>\n\t\t\t<span>\n\t\t\t\t\t\t\t\t<span class=\"sow-icon-fontawesome sow-fab\" data-sow-icon=\"&#xf39e;\"\n\t\t \n\t\taria-hidden=\"true\"><\/span>\t\t\t\t\t\t\t<\/span>\n\t\t<\/a>\n\t\n\t\t<a \n\t\tclass=\"ow-button-hover sow-social-media-button-instagram-0 sow-social-media-button\" title=\"Instagram\" aria-label=\"Instagram\" target=\"_blank\" rel=\"noopener noreferrer\" href=\"https:\/\/www.instagram.com\/fischwaid_muenchen_ev\/?igshid=YmMyMTA2M2Y%3D\" \t\t>\n\t\t\t<span>\n\t\t\t\t\t\t\t\t<span class=\"sow-icon-fontawesome sow-fab\" data-sow-icon=\"&#xf16d;\"\n\t\t \n\t\taria-hidden=\"true\"><\/span>\t\t\t\t\t\t\t<\/span>\n\t\t<\/a>\n\t\n\t\t<a \n\t\tclass=\"ow-button-hover sow-social-media-button-envelope-0 sow-social-media-button\" title=\"Email\" aria-label=\"Email\" target=\"_blank\" rel=\"noopener noreferrer\" href=\"mailto:post@fischwaid-muenchen.de\" \t\t>\n\t\t\t<span>\n\t\t\t\t\t\t\t\t<span class=\"sow-icon-fontawesome sow-fas\" data-sow-icon=\"&#xf0e0;\"\n\t\t \n\t\taria-hidden=\"true\"><\/span>\t\t\t\t\t\t\t<\/span>\n\t\t<\/a>\n\t<\/div>\n<\/div><\/div><div id=\"panel-w69a7ee0375bb4-0-1-1\" class=\"so-panel widget widget_sow-image\" data-index=\"3\" ><div\n\t\t\t\n\t\t\tclass=\"so-widget-sow-image so-widget-sow-image-default-c67d20f9f743\"\n\t\t\t\n\t\t>\n<div class=\"sow-image-container\">\n\t\t\t<a href=\"https:\/\/www.hejfish.com\/m\/fischereiverein-fischwaid-muenchen-ev-2022\"\n\t\t\ttarget=\"_blank\" rel=\"noopener noreferrer\" \t\t>\n\t\t\t<img \n\tsrc=\"https:\/\/www.fischwaid-muenchen.de\/wp-content\/uploads\/2022\/12\/hejfish_kauficon_online_20-150x150.png\" width=\"150\" height=\"150\" sizes=\"(max-width: 150px) 100vw, 150px\" title=\"Online-Tageskarten gibt es hier\" alt=\"\" \t\tclass=\"so-widget-image\"\/>\n\t\t\t<\/a><\/div>\n\n<\/div><\/div>\t\t\t<div id=\"panel-w69a7ee0375bb4-0-1-2\" class=\"so-panel widget widget_custom-post-type-recent-posts widget_recent_entries\" data-index=\"4\" ><div class=\"panel-widget-style panel-widget-style-for-w69a7ee0375bb4-0-1-2\" ><h3 class=\"widget-title\">Neueste News<\/h3>\t\t\t<ul>\n\t\t\t\t\t\t\t\t\t\t\t\t\t<li>\n\t\t\t\t\t\t\t\t\t\t<a href=\"https:\/\/www.fischwaid-muenchen.de\/?wp_news=vogelgrippe-ist-am-speichersee-bestaetigt\">Vogelgrippe ist am Speichersee best\u00e4tigt<\/a>\n\t\t\t\t\t\t\t\t\t\t\t<span class=\"post-date\">23.10.2025<\/span>\n\t\t\t\t\t\t\t\t\t\t\t\t\t\t<\/li>\n\t\t\t\t\t\t\t\t\t\t\t\t\t<li>\n\t\t\t\t\t\t\t\t\t\t<a href=\"https:\/\/www.fischwaid-muenchen.de\/?wp_news=tageskarten-ab-2025-nur-noch-ueber-hejfish-erhaeltlich\">Tageskarten ab 2025 nur noch \u00fcber Hejfish erh\u00e4ltlich<\/a>\n\t\t\t\t\t\t\t\t\t\t\t<span class=\"post-date\">13.12.2024<\/span>\n\t\t\t\t\t\t\t\t\t\t\t\t\t\t<\/li>\n\t\t\t\t\t\t\t\t\t\t\t\t\t<li>\n\t\t\t\t\t\t\t\t\t\t<a href=\"https:\/\/www.fischwaid-muenchen.de\/?wp_news=arbeitsdienst-scheyern-am-03-08-2024-helfer-gesucht\">Arbeitsdienst Scheyern am 03.08.2024: Helfer gesucht!<\/a>\n\t\t\t\t\t\t\t\t\t\t\t<span class=\"post-date\">29.07.2024<\/span>\n\t\t\t\t\t\t\t\t\t\t\t\t\t\t<\/li>\n\t\t\t\t\t\t\t\t\t\t\t\t\t<li>\n\t\t\t\t\t\t\t\t\t\t<a href=\"https:\/\/www.fischwaid-muenchen.de\/?wp_news=der-waldsee-ist-wieder-freigegeben\">Der Waldsee ist wieder freigegeben!<\/a>\n\t\t\t\t\t\t\t\t\t\t\t<span class=\"post-date\">11.06.2024<\/span>\n\t\t\t\t\t\t\t\t\t\t\t\t\t\t<\/li>\n\t\t\t\t\t\t\t\t\t\t\t\t\t<li>\n\t\t\t\t\t\t\t\t\t\t<a href=\"https:\/\/www.fischwaid-muenchen.de\/?wp_news=waldsee-voruebergehend-wegen-hochwasserschaeden-gesperrt\">Waldsee vor\u00fcbergehend wegen Hochwassersch\u00e4den gesperrt!<\/a>\n\t\t\t\t\t\t\t\t\t\t\t<span class=\"post-date\">4.06.2024<\/span>\n\t\t\t\t\t\t\t\t\t\t\t\t\t\t<\/li>\n\t\t\t\t\t\t\t<\/ul>\n\t\t\t<\/div><\/div>\n\t\t<div id=\"panel-w69a7ee0375bb4-0-1-3\" class=\"so-panel widget widget_recent-posts widget_recent_entries panel-last-child\" data-index=\"5\" ><div class=\"panel-widget-style panel-widget-style-for-w69a7ee0375bb4-0-1-3\" >\n\t\t<h3 class=\"widget-title\">Neueste Beitr\u00e4ge<\/h3>\n\t\t<ul>\n\t\t\t\t\t\t\t\t\t\t\t<li>\n\t\t\t\t\t<a href=\"https:\/\/www.fischwaid-muenchen.de\/?p=5015\">E-Fischen am Nasenbach &#8211; 28.03.2026<\/a>\n\t\t\t\t\t\t\t\t\t\t\t<span class=\"post-date\">28.03.2026<\/span>\n\t\t\t\t\t\t\t\t\t<\/li>\n\t\t\t\t\t\t\t\t\t\t\t<li>\n\t\t\t\t\t<a href=\"https:\/\/www.fischwaid-muenchen.de\/?p=5005\">Arbeitsdienst Waldsee &#8211; 07.03.2026<\/a>\n\t\t\t\t\t\t\t\t\t\t\t<span class=\"post-date\">15.03.2026<\/span>\n\t\t\t\t\t\t\t\t\t<\/li>\n\t\t\t\t\t\t\t\t\t\t\t<li>\n\t\t\t\t\t<a href=\"https:\/\/www.fischwaid-muenchen.de\/?p=5001\">Arbeitsdienst Goldach II &#8211; 21.02.2026<\/a>\n\t\t\t\t\t\t\t\t\t\t\t<span class=\"post-date\">15.03.2026<\/span>\n\t\t\t\t\t\t\t\t\t<\/li>\n\t\t\t\t\t\t\t\t\t\t\t<li>\n\t\t\t\t\t<a href=\"https:\/\/www.fischwaid-muenchen.de\/?p=4957\">Arbeitsdienst Waldsee &#8211; 24.01.2026<\/a>\n\t\t\t\t\t\t\t\t\t\t\t<span class=\"post-date\">25.01.2026<\/span>\n\t\t\t\t\t\t\t\t\t<\/li>\n\t\t\t\t\t\t\t\t\t\t\t<li>\n\t\t\t\t\t<a href=\"https:\/\/www.fischwaid-muenchen.de\/?p=4955\">Arbeitsdienst Nasenbach &#8211; 24.01.2026<\/a>\n\t\t\t\t\t\t\t\t\t\t\t<span class=\"post-date\">25.01.2026<\/span>\n\t\t\t\t\t\t\t\t\t<\/li>\n\t\t\t\t\t<\/ul>\n\n\t\t<\/div><\/div><\/div><\/div><\/div><\/div><\/div><\/div><\/div><\/div>","protected":false},"excerpt":{"rendered":"<p>Seit 01.03. gilt das neue Passwort f\u00fcr den Mitgliederbereich. Bitte beachten. Ein herzliches Willkommen auf unserer Webseite. Bei uns findet ihr als Angelfischer landschaftlich sch\u00f6n und ruhig gelegene Gew\u00e4sser mit einem sehr guten und nat\u00fcrlichen Fischbestand. Ihr k\u00f6nnt euer Hobby -das Angeln- sowohl in Still- als auch Flie\u00dfgew\u00e4ssern voll ausleben&#8230;.<\/p>\n<p class=\"continue-reading-button\"> <a class=\"continue-reading-link\" href=\"https:\/\/www.fischwaid-muenchen.de\/\">weiter<i class=\"crycon-right-dir\"><\/i><\/a><\/p>\n","protected":false},"author":2,"featured_media":0,"parent":0,"menu_order":0,"comment_status":"closed","ping_status":"closed","template":"templates\/template-onecolumn.php","meta":{"footnotes":""},"wf_page_folders":[17],"class_list":["post-2594","page","type-page","status-publish","hentry"],"yoast_head":"<!-- This site is optimized with the Yoast SEO plugin v27.5 - https:\/\/yoast.com\/product\/yoast-seo-wordpress\/ -->\n<title>- Fischereiverein Fischwaid M\u00fcnchen e.V.<\/title>\n<meta name=\"robots\" content=\"index, follow, max-snippet:-1, max-image-preview:large, max-video-preview:-1\" \/>\n<link rel=\"canonical\" href=\"https:\/\/www.fischwaid-muenchen.de\/\" \/>\n<meta property=\"og:locale\" content=\"de_DE\" \/>\n<meta property=\"og:type\" content=\"article\" \/>\n<meta property=\"og:title\" content=\"- Fischereiverein Fischwaid M\u00fcnchen e.V.\" \/>\n<meta property=\"og:description\" content=\"Seit 01.03. gilt das neue Passwort f\u00fcr den Mitgliederbereich. Bitte beachten. Ein herzliches Willkommen auf unserer Webseite. Bei uns findet ihr als Angelfischer landschaftlich sch\u00f6n und ruhig gelegene Gew\u00e4sser mit einem sehr guten und nat\u00fcrlichen Fischbestand. Ihr k\u00f6nnt euer Hobby -das Angeln- sowohl in Still- als auch Flie\u00dfgew\u00e4ssern voll ausleben.... weiter\" \/>\n<meta property=\"og:url\" content=\"https:\/\/www.fischwaid-muenchen.de\/\" \/>\n<meta property=\"og:site_name\" content=\"Fischereiverein Fischwaid M\u00fcnchen e.V.\" \/>\n<meta property=\"article:publisher\" content=\"https:\/\/www.facebook.com\/Fischereiverein-Fischwaid-Mnchen-eV-175669222446351\" \/>\n<meta property=\"article:modified_time\" content=\"2026-03-04T08:32:03+00:00\" \/>\n<meta name=\"twitter:card\" content=\"summary_large_image\" \/>\n<script type=\"application\/ld+json\" class=\"yoast-schema-graph\">{\"@context\":\"https:\\\/\\\/schema.org\",\"@graph\":[{\"@type\":\"WebPage\",\"@id\":\"https:\\\/\\\/www.fischwaid-muenchen.de\\\/\",\"url\":\"https:\\\/\\\/www.fischwaid-muenchen.de\\\/\",\"name\":\"- Fischereiverein Fischwaid M\u00fcnchen e.V.\",\"isPartOf\":{\"@id\":\"https:\\\/\\\/www.fischwaid-muenchen.de\\\/#website\"},\"datePublished\":\"2023-02-13T16:34:30+00:00\",\"dateModified\":\"2026-03-04T08:32:03+00:00\",\"inLanguage\":\"de\",\"potentialAction\":[{\"@type\":\"ReadAction\",\"target\":[\"https:\\\/\\\/www.fischwaid-muenchen.de\\\/\"]}]},{\"@type\":\"WebSite\",\"@id\":\"https:\\\/\\\/www.fischwaid-muenchen.de\\\/#website\",\"url\":\"https:\\\/\\\/www.fischwaid-muenchen.de\\\/\",\"name\":\"Fischereiverein Fischwaid M\u00fcnchen e.V.\",\"description\":\"\",\"publisher\":{\"@id\":\"https:\\\/\\\/www.fischwaid-muenchen.de\\\/#organization\"},\"potentialAction\":[{\"@type\":\"SearchAction\",\"target\":{\"@type\":\"EntryPoint\",\"urlTemplate\":\"https:\\\/\\\/www.fischwaid-muenchen.de\\\/?s={search_term_string}\"},\"query-input\":{\"@type\":\"PropertyValueSpecification\",\"valueRequired\":true,\"valueName\":\"search_term_string\"}}],\"inLanguage\":\"de\"},{\"@type\":\"Organization\",\"@id\":\"https:\\\/\\\/www.fischwaid-muenchen.de\\\/#organization\",\"name\":\"Fischwaid M\u00fcnchen e.V.\",\"url\":\"https:\\\/\\\/www.fischwaid-muenchen.de\\\/\",\"logo\":{\"@type\":\"ImageObject\",\"inLanguage\":\"de\",\"@id\":\"https:\\\/\\\/www.fischwaid-muenchen.de\\\/#\\\/schema\\\/logo\\\/image\\\/\",\"url\":\"https:\\\/\\\/www.fischwaid-muenchen.de\\\/wp-content\\\/uploads\\\/2021\\\/05\\\/fischwaid-logo.png\",\"contentUrl\":\"https:\\\/\\\/www.fischwaid-muenchen.de\\\/wp-content\\\/uploads\\\/2021\\\/05\\\/fischwaid-logo.png\",\"width\":1000,\"height\":1195,\"caption\":\"Fischwaid M\u00fcnchen e.V.\"},\"image\":{\"@id\":\"https:\\\/\\\/www.fischwaid-muenchen.de\\\/#\\\/schema\\\/logo\\\/image\\\/\"},\"sameAs\":[\"https:\\\/\\\/www.facebook.com\\\/Fischereiverein-Fischwaid-Mnchen-eV-175669222446351\",\"https:\\\/\\\/www.instagram.com\\\/fischwaid_muenchen_ev\\\/?igshid=YmMyMTA2M2Y=\"]}]}<\/script>\n<!-- \/ Yoast SEO plugin. -->","yoast_head_json":{"title":"- Fischereiverein Fischwaid M\u00fcnchen e.V.","robots":{"index":"index","follow":"follow","max-snippet":"max-snippet:-1","max-image-preview":"max-image-preview:large","max-video-preview":"max-video-preview:-1"},"canonical":"https:\/\/www.fischwaid-muenchen.de\/","og_locale":"de_DE","og_type":"article","og_title":"- Fischereiverein Fischwaid M\u00fcnchen e.V.","og_description":"Seit 01.03. gilt das neue Passwort f\u00fcr den Mitgliederbereich. Bitte beachten. Ein herzliches Willkommen auf unserer Webseite. Bei uns findet ihr als Angelfischer landschaftlich sch\u00f6n und ruhig gelegene Gew\u00e4sser mit einem sehr guten und nat\u00fcrlichen Fischbestand. Ihr k\u00f6nnt euer Hobby -das Angeln- sowohl in Still- als auch Flie\u00dfgew\u00e4ssern voll ausleben.... weiter","og_url":"https:\/\/www.fischwaid-muenchen.de\/","og_site_name":"Fischereiverein Fischwaid M\u00fcnchen e.V.","article_publisher":"https:\/\/www.facebook.com\/Fischereiverein-Fischwaid-Mnchen-eV-175669222446351","article_modified_time":"2026-03-04T08:32:03+00:00","twitter_card":"summary_large_image","schema":{"@context":"https:\/\/schema.org","@graph":[{"@type":"WebPage","@id":"https:\/\/www.fischwaid-muenchen.de\/","url":"https:\/\/www.fischwaid-muenchen.de\/","name":"- Fischereiverein Fischwaid M\u00fcnchen e.V.","isPartOf":{"@id":"https:\/\/www.fischwaid-muenchen.de\/#website"},"datePublished":"2023-02-13T16:34:30+00:00","dateModified":"2026-03-04T08:32:03+00:00","inLanguage":"de","potentialAction":[{"@type":"ReadAction","target":["https:\/\/www.fischwaid-muenchen.de\/"]}]},{"@type":"WebSite","@id":"https:\/\/www.fischwaid-muenchen.de\/#website","url":"https:\/\/www.fischwaid-muenchen.de\/","name":"Fischereiverein Fischwaid M\u00fcnchen e.V.","description":"","publisher":{"@id":"https:\/\/www.fischwaid-muenchen.de\/#organization"},"potentialAction":[{"@type":"SearchAction","target":{"@type":"EntryPoint","urlTemplate":"https:\/\/www.fischwaid-muenchen.de\/?s={search_term_string}"},"query-input":{"@type":"PropertyValueSpecification","valueRequired":true,"valueName":"search_term_string"}}],"inLanguage":"de"},{"@type":"Organization","@id":"https:\/\/www.fischwaid-muenchen.de\/#organization","name":"Fischwaid M\u00fcnchen e.V.","url":"https:\/\/www.fischwaid-muenchen.de\/","logo":{"@type":"ImageObject","inLanguage":"de","@id":"https:\/\/www.fischwaid-muenchen.de\/#\/schema\/logo\/image\/","url":"https:\/\/www.fischwaid-muenchen.de\/wp-content\/uploads\/2021\/05\/fischwaid-logo.png","contentUrl":"https:\/\/www.fischwaid-muenchen.de\/wp-content\/uploads\/2021\/05\/fischwaid-logo.png","width":1000,"height":1195,"caption":"Fischwaid M\u00fcnchen e.V."},"image":{"@id":"https:\/\/www.fischwaid-muenchen.de\/#\/schema\/logo\/image\/"},"sameAs":["https:\/\/www.facebook.com\/Fischereiverein-Fischwaid-Mnchen-eV-175669222446351","https:\/\/www.instagram.com\/fischwaid_muenchen_ev\/?igshid=YmMyMTA2M2Y="]}]}},"_links":{"self":[{"href":"https:\/\/www.fischwaid-muenchen.de\/index.php?rest_route=\/wp\/v2\/pages\/2594","targetHints":{"allow":["GET"]}}],"collection":[{"href":"https:\/\/www.fischwaid-muenchen.de\/index.php?rest_route=\/wp\/v2\/pages"}],"about":[{"href":"https:\/\/www.fischwaid-muenchen.de\/index.php?rest_route=\/wp\/v2\/types\/page"}],"author":[{"embeddable":true,"href":"https:\/\/www.fischwaid-muenchen.de\/index.php?rest_route=\/wp\/v2\/users\/2"}],"replies":[{"embeddable":true,"href":"https:\/\/www.fischwaid-muenchen.de\/index.php?rest_route=%2Fwp%2Fv2%2Fcomments&post=2594"}],"version-history":[{"count":1,"href":"https:\/\/www.fischwaid-muenchen.de\/index.php?rest_route=\/wp\/v2\/pages\/2594\/revisions"}],"predecessor-version":[{"id":4991,"href":"https:\/\/www.fischwaid-muenchen.de\/index.php?rest_route=\/wp\/v2\/pages\/2594\/revisions\/4991"}],"wp:attachment":[{"href":"https:\/\/www.fischwaid-muenchen.de\/index.php?rest_route=%2Fwp%2Fv2%2Fmedia&parent=2594"}],"wp:term":[{"taxonomy":"wf_page_folders","embeddable":true,"href":"https:\/\/www.fischwaid-muenchen.de\/index.php?rest_route=%2Fwp%2Fv2%2Fwf_page_folders&post=2594"}],"curies":[{"name":"wp","href":"https:\/\/api.w.org\/{rel}","templated":true}]}}