{"id":2131,"date":"2023-02-06T17:32:20","date_gmt":"2023-02-06T15:32:20","guid":{"rendered":"https:\/\/www.fischwaid-muenchen.de\/?page_id=2131"},"modified":"2026-01-08T14:51:49","modified_gmt":"2026-01-08T12:51:49","slug":"scheyern","status":"publish","type":"page","link":"https:\/\/www.fischwaid-muenchen.de\/?page_id=2131","title":{"rendered":"Scheyern"},"content":{"rendered":"<div id=\"pl-2131\"  class=\"panel-layout\" ><div id=\"pg-2131-0\"  class=\"panel-grid panel-no-style\" ><div id=\"pgc-2131-0-0\"  class=\"panel-grid-cell\" ><div id=\"panel-2131-0-0-0\" class=\"so-panel widget widget_sow-editor panel-first-child panel-last-child\" data-index=\"0\" ><div\n\t\t\t\n\t\t\tclass=\"so-widget-sow-editor so-widget-sow-editor-base\"\n\t\t\t\n\t\t><h3 class=\"widget-title\"> <\/h3>\n<div class=\"siteorigin-widget-tinymce textwidget\">\n\t<div class=\"n2_ss_slider_publish__option_code\" dir=\"ltr\" data-mode=\"id\"><\/div>\n<\/div>\n<\/div><\/div><\/div><\/div><div id=\"pg-2131-1\"  class=\"panel-grid panel-no-style\" ><div id=\"pgc-2131-1-0\"  class=\"panel-grid-cell\" ><div id=\"panel-2131-1-0-0\" class=\"so-panel widget widget_siteorigin-panels-builder panel-first-child panel-last-child\" data-index=\"1\" ><div class=\"panel-widget-style panel-widget-style-for-2131-1-0-0\" ><div id=\"pl-w695fa8654fc03\"  class=\"panel-layout\" ><div id=\"pg-w695fa8654fc03-0\"  class=\"panel-grid panel-no-style\" ><div id=\"pgc-w695fa8654fc03-0-0\"  class=\"panel-grid-cell\" ><div id=\"panel-w695fa8654fc03-0-0-0\" class=\"so-panel widget widget_sow-editor panel-first-child panel-last-child\" data-index=\"0\" ><div\n\t\t\t\n\t\t\tclass=\"so-widget-sow-editor so-widget-sow-editor-base\"\n\t\t\t\n\t\t>\n<div class=\"siteorigin-widget-tinymce textwidget\">\n\t<p style=\"text-align: left;\"><span style=\"font-family: arial, helvetica, sans-serif;\"><strong>Saison:<\/strong> \u00a0\u00a0\u00a0\u00a0\u00a0\u00a0\u00a0\u00a0\u00a0\u00a0\u00a0 1. Januar bis 31. Dezember<\/span><\/p>\n<p style=\"text-align: left;\"><span style=\"font-family: arial, helvetica, sans-serif;\"><strong>Boot:<\/strong> \u00a0\u00a0\u00a0\u00a0\u00a0\u00a0\u00a0\u00a0\u00a0\u00a0\u00a0\u00a0\u00a0\u00a0\u00a0 nicht erlaubt<br \/>\n<\/span><\/p>\n<p style=\"text-align: left;\"><span style=\"font-family: arial, helvetica, sans-serif;\"><strong>Nachtfischen:<\/strong> \u00a0 erlaubt<\/span><\/p>\n<p style=\"text-align: left;\"><span style=\"font-family: arial, helvetica, sans-serif;\"><strong>Fischarten:<\/strong> \u00a0\u00a0\u00a0\u00a0\u00a0 Zander, Hecht, Flussbarsch, Karpfen, Aal, Brachse (Brasse), Rotauge, Rotfeder, Giebel, Schleie<br \/>\n<\/span><\/p>\n<p style=\"text-align: left;\"><span style=\"font-family: arial, helvetica, sans-serif;\"><strong>Techniken:<\/strong> \u00a0 \u00a0\u00a0\u00a0\u00a0 Ansitzangeln, Feedern, Fliegenfischen, Friedfischangeln, Karpfenangeln, Naturk\u00f6derangeln, Oberfl\u00e4chenangeln, Posenangeln, Raubfischangeln, Spinnangeln, Stippangeln<br \/>\n<\/span><\/p>\n<\/div>\n<\/div><\/div><\/div><div id=\"pgc-w695fa8654fc03-0-1\"  class=\"panel-grid-cell\" ><div class=\"panel-cell-style panel-cell-style-for-w695fa8654fc03-0-1\" ><div id=\"panel-w695fa8654fc03-0-1-0\" class=\"so-panel widget widget_sow-image panel-first-child panel-last-child\" data-index=\"1\" ><div\n\t\t\t\n\t\t\tclass=\"so-widget-sow-image so-widget-sow-image-default-c67d20f9f743\"\n\t\t\t\n\t\t>\n<div class=\"sow-image-container\">\n\t\t\t<a href=\"https:\/\/www.hejfish.com\/d\/15083-scheyern\"\n\t\t\ttarget=\"_blank\" rel=\"noopener noreferrer\" \t\t>\n\t\t\t<img \n\tsrc=\"https:\/\/www.fischwaid-muenchen.de\/wp-content\/uploads\/2022\/12\/hejfish_kauficon_online_20-150x150.png\" width=\"100\" height=\"100\" sizes=\"(max-width: 100px) 100vw, 100px\" title=\"Tageskarten gibt es hier\" alt=\"\" \t\tclass=\"so-widget-image\"\/>\n\t\t\t<\/a><\/div>\n\n<\/div><\/div><\/div><\/div><\/div><div id=\"pg-w695fa8654fc03-1\"  class=\"panel-grid panel-no-style\" ><div id=\"pgc-w695fa8654fc03-1-0\"  class=\"panel-grid-cell\" ><div id=\"panel-w695fa8654fc03-1-0-0\" class=\"so-panel widget widget_sow-editor panel-first-child\" data-index=\"2\" ><div\n\t\t\t\n\t\t\tclass=\"so-widget-sow-editor so-widget-sow-editor-base\"\n\t\t\t\n\t\t>\n<div class=\"siteorigin-widget-tinymce textwidget\">\n\t<p><span style=\"font-family: arial, helvetica, sans-serif; font-size: 14pt;\"><strong>Bestimmungen<\/strong><\/span><\/p>\n<p><span style=\"font-family: arial, helvetica, sans-serif;\">Bestimmungen finden Sie in unserer Gew\u00e4sserordung: <a href=\"https:\/\/www.fischwaid-muenchen.de\/public\/ordnungen\/Gewasserordnung.pdf\" target=\"_blank\" rel=\"noopener\">hier<\/a><\/span><\/p>\n<\/div>\n<\/div><\/div><div id=\"panel-w695fa8654fc03-1-0-1\" class=\"so-panel widget widget_sow-editor\" data-index=\"3\" ><div\n\t\t\t\n\t\t\tclass=\"so-widget-sow-editor so-widget-sow-editor-base\"\n\t\t\t\n\t\t>\n<div class=\"siteorigin-widget-tinymce textwidget\">\n\t<p><strong><span style=\"font-size: 14pt; font-family: arial, helvetica, sans-serif;\">Beschreibung<br \/>\n<\/span><\/strong><\/p>\n<p><span style=\"font-family: arial, helvetica, sans-serif;\">Nordwestlich des Ortes ziehen sich diese drei h\u00fcbschen, kleinen Flachweiher (max. Tiefe 2 Meter) wie an einer Perlenschnur gezogen entlang der Kreisstra\u00dfe 8.<\/span><\/p>\n<p><span style=\"font-family: arial, helvetica, sans-serif;\">Gespeist werden sie vom Schnatterbach.<\/span><\/p>\n<p>Gefischt darf nur an den beiden \u00f6stlichen Weihern, der kleinste (oberste\/ westlichste) Flachweiher darf ganzj\u00e4hrig <strong>nicht<\/strong> befischt werden. Er dient der Aufzucht.<\/p>\n<p><span style=\"font-family: arial, helvetica, sans-serif;\">Der Fischbestand ist reichlich und unterschiedlich, je nach Weiher.<\/span><\/p>\n<p><span style=\"font-family: arial, helvetica, sans-serif;\">Die Weiher sind mit dem Auto leicht erreichbar. Parkm\u00f6glichkeiten gibt es zur Gen\u00fcge an der unmittelbar entlangf\u00fchrenden Kreisstra\u00dfe und am \u00f6stlichen Ende auf einem kleinen Parkplatz.<\/span><\/p>\n<p><span style=\"font-family: arial, helvetica, sans-serif;\">Der Blick auf das sch\u00f6ne Benediktiner-Kloster ist dort besonders beeindruckend.<\/span><\/p>\n<\/div>\n<\/div><\/div><div id=\"panel-w695fa8654fc03-1-0-2\" class=\"widget_text so-panel widget widget_custom_html panel-last-child\" data-index=\"4\" ><div class=\"textwidget custom-html-widget\"><iframe loading=\"lazy\" src=\"https:\/\/www.google.com\/maps\/d\/embed?mid=1G9EWc9oA59-yl3258UL-nOMyPbF-UQo&ehbc=2E312F\" width=\"1200\" height=\"520\"><\/iframe><\/div><\/div><\/div><\/div><\/div><\/div><\/div><\/div><\/div><\/div>","protected":false},"excerpt":{"rendered":"<p>Saison: \u00a0\u00a0\u00a0\u00a0\u00a0\u00a0\u00a0\u00a0\u00a0\u00a0\u00a0 1. Januar bis 31. Dezember Boot: \u00a0\u00a0\u00a0\u00a0\u00a0\u00a0\u00a0\u00a0\u00a0\u00a0\u00a0\u00a0\u00a0\u00a0\u00a0 nicht erlaubt Nachtfischen: \u00a0 erlaubt Fischarten: \u00a0\u00a0\u00a0\u00a0\u00a0 Zander, Hecht, Flussbarsch, Karpfen, Aal, Brachse (Brasse), Rotauge, Rotfeder, Giebel, Schleie Techniken: \u00a0 \u00a0\u00a0\u00a0\u00a0 Ansitzangeln, Feedern, Fliegenfischen, Friedfischangeln, Karpfenangeln, Naturk\u00f6derangeln, Oberfl\u00e4chenangeln, Posenangeln, Raubfischangeln, Spinnangeln, Stippangeln Bestimmungen Bestimmungen finden Sie in unserer Gew\u00e4sserordung: hier Beschreibung&#8230;<\/p>\n<p class=\"continue-reading-button\"> <a class=\"continue-reading-link\" href=\"https:\/\/www.fischwaid-muenchen.de\/?page_id=2131\">weiter<i class=\"crycon-right-dir\"><\/i><\/a><\/p>\n","protected":false},"author":2,"featured_media":0,"parent":42,"menu_order":0,"comment_status":"closed","ping_status":"closed","template":"templates\/template-onecolumn.php","meta":{"footnotes":""},"wf_page_folders":[30],"class_list":["post-2131","page","type-page","status-publish","hentry"],"yoast_head":"<!-- This site is optimized with the Yoast SEO plugin v27.3 - https:\/\/yoast.com\/product\/yoast-seo-wordpress\/ -->\n<title>Scheyern - Fischereiverein Fischwaid M\u00fcnchen e.V.<\/title>\n<meta name=\"robots\" content=\"index, follow, max-snippet:-1, max-image-preview:large, max-video-preview:-1\" \/>\n<link rel=\"canonical\" href=\"https:\/\/www.fischwaid-muenchen.de\/?page_id=2131\" \/>\n<meta property=\"og:locale\" content=\"de_DE\" \/>\n<meta property=\"og:type\" content=\"article\" \/>\n<meta property=\"og:title\" content=\"Scheyern - Fischereiverein Fischwaid M\u00fcnchen e.V.\" \/>\n<meta property=\"og:description\" content=\"Saison: \u00a0\u00a0\u00a0\u00a0\u00a0\u00a0\u00a0\u00a0\u00a0\u00a0\u00a0 1. Januar bis 31. Dezember Boot: \u00a0\u00a0\u00a0\u00a0\u00a0\u00a0\u00a0\u00a0\u00a0\u00a0\u00a0\u00a0\u00a0\u00a0\u00a0 nicht erlaubt Nachtfischen: \u00a0 erlaubt Fischarten: \u00a0\u00a0\u00a0\u00a0\u00a0 Zander, Hecht, Flussbarsch, Karpfen, Aal, Brachse (Brasse), Rotauge, Rotfeder, Giebel, Schleie Techniken: \u00a0 \u00a0\u00a0\u00a0\u00a0 Ansitzangeln, Feedern, Fliegenfischen, Friedfischangeln, Karpfenangeln, Naturk\u00f6derangeln, Oberfl\u00e4chenangeln, Posenangeln, Raubfischangeln, Spinnangeln, Stippangeln Bestimmungen Bestimmungen finden Sie in unserer Gew\u00e4sserordung: hier Beschreibung... weiter\" \/>\n<meta property=\"og:url\" content=\"https:\/\/www.fischwaid-muenchen.de\/?page_id=2131\" \/>\n<meta property=\"og:site_name\" content=\"Fischereiverein Fischwaid M\u00fcnchen e.V.\" \/>\n<meta property=\"article:publisher\" content=\"https:\/\/www.facebook.com\/Fischereiverein-Fischwaid-Mnchen-eV-175669222446351\" \/>\n<meta property=\"article:modified_time\" content=\"2026-01-08T12:51:49+00:00\" \/>\n<meta property=\"og:image\" content=\"https:\/\/www.fischwaid-muenchen.de\/wp-content\/plugins\/smart-slider-3\/Public\/SmartSlider3\/Widget\/Shadow\/ShadowImage\/Assets\/shadow\/dark.png\" \/>\n<meta name=\"twitter:card\" content=\"summary_large_image\" \/>\n<script type=\"application\/ld+json\" class=\"yoast-schema-graph\">{\"@context\":\"https:\\\/\\\/schema.org\",\"@graph\":[{\"@type\":\"WebPage\",\"@id\":\"https:\\\/\\\/www.fischwaid-muenchen.de\\\/?page_id=2131\",\"url\":\"https:\\\/\\\/www.fischwaid-muenchen.de\\\/?page_id=2131\",\"name\":\"Scheyern - Fischereiverein Fischwaid M\u00fcnchen e.V.\",\"isPartOf\":{\"@id\":\"https:\\\/\\\/www.fischwaid-muenchen.de\\\/#website\"},\"primaryImageOfPage\":{\"@id\":\"https:\\\/\\\/www.fischwaid-muenchen.de\\\/?page_id=2131#primaryimage\"},\"image\":{\"@id\":\"https:\\\/\\\/www.fischwaid-muenchen.de\\\/?page_id=2131#primaryimage\"},\"thumbnailUrl\":\"https:\\\/\\\/www.fischwaid-muenchen.de\\\/wp-content\\\/plugins\\\/smart-slider-3\\\/Public\\\/SmartSlider3\\\/Widget\\\/Shadow\\\/ShadowImage\\\/Assets\\\/shadow\\\/dark.png\",\"datePublished\":\"2023-02-06T15:32:20+00:00\",\"dateModified\":\"2026-01-08T12:51:49+00:00\",\"breadcrumb\":{\"@id\":\"https:\\\/\\\/www.fischwaid-muenchen.de\\\/?page_id=2131#breadcrumb\"},\"inLanguage\":\"de\",\"potentialAction\":[{\"@type\":\"ReadAction\",\"target\":[\"https:\\\/\\\/www.fischwaid-muenchen.de\\\/?page_id=2131\"]}]},{\"@type\":\"ImageObject\",\"inLanguage\":\"de\",\"@id\":\"https:\\\/\\\/www.fischwaid-muenchen.de\\\/?page_id=2131#primaryimage\",\"url\":\"https:\\\/\\\/www.fischwaid-muenchen.de\\\/wp-content\\\/plugins\\\/smart-slider-3\\\/Public\\\/SmartSlider3\\\/Widget\\\/Shadow\\\/ShadowImage\\\/Assets\\\/shadow\\\/dark.png\",\"contentUrl\":\"https:\\\/\\\/www.fischwaid-muenchen.de\\\/wp-content\\\/plugins\\\/smart-slider-3\\\/Public\\\/SmartSlider3\\\/Widget\\\/Shadow\\\/ShadowImage\\\/Assets\\\/shadow\\\/dark.png\"},{\"@type\":\"BreadcrumbList\",\"@id\":\"https:\\\/\\\/www.fischwaid-muenchen.de\\\/?page_id=2131#breadcrumb\",\"itemListElement\":[{\"@type\":\"ListItem\",\"position\":1,\"name\":\"Startseite\",\"item\":\"https:\\\/\\\/www.fischwaid-muenchen.de\\\/\"},{\"@type\":\"ListItem\",\"position\":2,\"name\":\"Gew\u00e4sser\",\"item\":\"https:\\\/\\\/www.fischwaid-muenchen.de\\\/?page_id=42\"},{\"@type\":\"ListItem\",\"position\":3,\"name\":\"Scheyern\"}]},{\"@type\":\"WebSite\",\"@id\":\"https:\\\/\\\/www.fischwaid-muenchen.de\\\/#website\",\"url\":\"https:\\\/\\\/www.fischwaid-muenchen.de\\\/\",\"name\":\"Fischereiverein Fischwaid M\u00fcnchen e.V.\",\"description\":\"\",\"publisher\":{\"@id\":\"https:\\\/\\\/www.fischwaid-muenchen.de\\\/#organization\"},\"potentialAction\":[{\"@type\":\"SearchAction\",\"target\":{\"@type\":\"EntryPoint\",\"urlTemplate\":\"https:\\\/\\\/www.fischwaid-muenchen.de\\\/?s={search_term_string}\"},\"query-input\":{\"@type\":\"PropertyValueSpecification\",\"valueRequired\":true,\"valueName\":\"search_term_string\"}}],\"inLanguage\":\"de\"},{\"@type\":\"Organization\",\"@id\":\"https:\\\/\\\/www.fischwaid-muenchen.de\\\/#organization\",\"name\":\"Fischwaid M\u00fcnchen e.V.\",\"url\":\"https:\\\/\\\/www.fischwaid-muenchen.de\\\/\",\"logo\":{\"@type\":\"ImageObject\",\"inLanguage\":\"de\",\"@id\":\"https:\\\/\\\/www.fischwaid-muenchen.de\\\/#\\\/schema\\\/logo\\\/image\\\/\",\"url\":\"https:\\\/\\\/www.fischwaid-muenchen.de\\\/wp-content\\\/uploads\\\/2021\\\/05\\\/fischwaid-logo.png\",\"contentUrl\":\"https:\\\/\\\/www.fischwaid-muenchen.de\\\/wp-content\\\/uploads\\\/2021\\\/05\\\/fischwaid-logo.png\",\"width\":1000,\"height\":1195,\"caption\":\"Fischwaid M\u00fcnchen e.V.\"},\"image\":{\"@id\":\"https:\\\/\\\/www.fischwaid-muenchen.de\\\/#\\\/schema\\\/logo\\\/image\\\/\"},\"sameAs\":[\"https:\\\/\\\/www.facebook.com\\\/Fischereiverein-Fischwaid-Mnchen-eV-175669222446351\",\"https:\\\/\\\/www.instagram.com\\\/fischwaid_muenchen_ev\\\/?igshid=YmMyMTA2M2Y=\"]}]}<\/script>\n<!-- \/ Yoast SEO plugin. -->","yoast_head_json":{"title":"Scheyern - Fischereiverein Fischwaid M\u00fcnchen e.V.","robots":{"index":"index","follow":"follow","max-snippet":"max-snippet:-1","max-image-preview":"max-image-preview:large","max-video-preview":"max-video-preview:-1"},"canonical":"https:\/\/www.fischwaid-muenchen.de\/?page_id=2131","og_locale":"de_DE","og_type":"article","og_title":"Scheyern - Fischereiverein Fischwaid M\u00fcnchen e.V.","og_description":"Saison: \u00a0\u00a0\u00a0\u00a0\u00a0\u00a0\u00a0\u00a0\u00a0\u00a0\u00a0 1. Januar bis 31. Dezember Boot: \u00a0\u00a0\u00a0\u00a0\u00a0\u00a0\u00a0\u00a0\u00a0\u00a0\u00a0\u00a0\u00a0\u00a0\u00a0 nicht erlaubt Nachtfischen: \u00a0 erlaubt Fischarten: \u00a0\u00a0\u00a0\u00a0\u00a0 Zander, Hecht, Flussbarsch, Karpfen, Aal, Brachse (Brasse), Rotauge, Rotfeder, Giebel, Schleie Techniken: \u00a0 \u00a0\u00a0\u00a0\u00a0 Ansitzangeln, Feedern, Fliegenfischen, Friedfischangeln, Karpfenangeln, Naturk\u00f6derangeln, Oberfl\u00e4chenangeln, Posenangeln, Raubfischangeln, Spinnangeln, Stippangeln Bestimmungen Bestimmungen finden Sie in unserer Gew\u00e4sserordung: hier Beschreibung... weiter","og_url":"https:\/\/www.fischwaid-muenchen.de\/?page_id=2131","og_site_name":"Fischereiverein Fischwaid M\u00fcnchen e.V.","article_publisher":"https:\/\/www.facebook.com\/Fischereiverein-Fischwaid-Mnchen-eV-175669222446351","article_modified_time":"2026-01-08T12:51:49+00:00","og_image":[{"url":"https:\/\/www.fischwaid-muenchen.de\/wp-content\/plugins\/smart-slider-3\/Public\/SmartSlider3\/Widget\/Shadow\/ShadowImage\/Assets\/shadow\/dark.png","type":"","width":"","height":""}],"twitter_card":"summary_large_image","schema":{"@context":"https:\/\/schema.org","@graph":[{"@type":"WebPage","@id":"https:\/\/www.fischwaid-muenchen.de\/?page_id=2131","url":"https:\/\/www.fischwaid-muenchen.de\/?page_id=2131","name":"Scheyern - Fischereiverein Fischwaid M\u00fcnchen e.V.","isPartOf":{"@id":"https:\/\/www.fischwaid-muenchen.de\/#website"},"primaryImageOfPage":{"@id":"https:\/\/www.fischwaid-muenchen.de\/?page_id=2131#primaryimage"},"image":{"@id":"https:\/\/www.fischwaid-muenchen.de\/?page_id=2131#primaryimage"},"thumbnailUrl":"https:\/\/www.fischwaid-muenchen.de\/wp-content\/plugins\/smart-slider-3\/Public\/SmartSlider3\/Widget\/Shadow\/ShadowImage\/Assets\/shadow\/dark.png","datePublished":"2023-02-06T15:32:20+00:00","dateModified":"2026-01-08T12:51:49+00:00","breadcrumb":{"@id":"https:\/\/www.fischwaid-muenchen.de\/?page_id=2131#breadcrumb"},"inLanguage":"de","potentialAction":[{"@type":"ReadAction","target":["https:\/\/www.fischwaid-muenchen.de\/?page_id=2131"]}]},{"@type":"ImageObject","inLanguage":"de","@id":"https:\/\/www.fischwaid-muenchen.de\/?page_id=2131#primaryimage","url":"https:\/\/www.fischwaid-muenchen.de\/wp-content\/plugins\/smart-slider-3\/Public\/SmartSlider3\/Widget\/Shadow\/ShadowImage\/Assets\/shadow\/dark.png","contentUrl":"https:\/\/www.fischwaid-muenchen.de\/wp-content\/plugins\/smart-slider-3\/Public\/SmartSlider3\/Widget\/Shadow\/ShadowImage\/Assets\/shadow\/dark.png"},{"@type":"BreadcrumbList","@id":"https:\/\/www.fischwaid-muenchen.de\/?page_id=2131#breadcrumb","itemListElement":[{"@type":"ListItem","position":1,"name":"Startseite","item":"https:\/\/www.fischwaid-muenchen.de\/"},{"@type":"ListItem","position":2,"name":"Gew\u00e4sser","item":"https:\/\/www.fischwaid-muenchen.de\/?page_id=42"},{"@type":"ListItem","position":3,"name":"Scheyern"}]},{"@type":"WebSite","@id":"https:\/\/www.fischwaid-muenchen.de\/#website","url":"https:\/\/www.fischwaid-muenchen.de\/","name":"Fischereiverein Fischwaid M\u00fcnchen e.V.","description":"","publisher":{"@id":"https:\/\/www.fischwaid-muenchen.de\/#organization"},"potentialAction":[{"@type":"SearchAction","target":{"@type":"EntryPoint","urlTemplate":"https:\/\/www.fischwaid-muenchen.de\/?s={search_term_string}"},"query-input":{"@type":"PropertyValueSpecification","valueRequired":true,"valueName":"search_term_string"}}],"inLanguage":"de"},{"@type":"Organization","@id":"https:\/\/www.fischwaid-muenchen.de\/#organization","name":"Fischwaid M\u00fcnchen e.V.","url":"https:\/\/www.fischwaid-muenchen.de\/","logo":{"@type":"ImageObject","inLanguage":"de","@id":"https:\/\/www.fischwaid-muenchen.de\/#\/schema\/logo\/image\/","url":"https:\/\/www.fischwaid-muenchen.de\/wp-content\/uploads\/2021\/05\/fischwaid-logo.png","contentUrl":"https:\/\/www.fischwaid-muenchen.de\/wp-content\/uploads\/2021\/05\/fischwaid-logo.png","width":1000,"height":1195,"caption":"Fischwaid M\u00fcnchen e.V."},"image":{"@id":"https:\/\/www.fischwaid-muenchen.de\/#\/schema\/logo\/image\/"},"sameAs":["https:\/\/www.facebook.com\/Fischereiverein-Fischwaid-Mnchen-eV-175669222446351","https:\/\/www.instagram.com\/fischwaid_muenchen_ev\/?igshid=YmMyMTA2M2Y="]}]}},"_links":{"self":[{"href":"https:\/\/www.fischwaid-muenchen.de\/index.php?rest_route=\/wp\/v2\/pages\/2131","targetHints":{"allow":["GET"]}}],"collection":[{"href":"https:\/\/www.fischwaid-muenchen.de\/index.php?rest_route=\/wp\/v2\/pages"}],"about":[{"href":"https:\/\/www.fischwaid-muenchen.de\/index.php?rest_route=\/wp\/v2\/types\/page"}],"author":[{"embeddable":true,"href":"https:\/\/www.fischwaid-muenchen.de\/index.php?rest_route=\/wp\/v2\/users\/2"}],"replies":[{"embeddable":true,"href":"https:\/\/www.fischwaid-muenchen.de\/index.php?rest_route=%2Fwp%2Fv2%2Fcomments&post=2131"}],"version-history":[{"count":0,"href":"https:\/\/www.fischwaid-muenchen.de\/index.php?rest_route=\/wp\/v2\/pages\/2131\/revisions"}],"up":[{"embeddable":true,"href":"https:\/\/www.fischwaid-muenchen.de\/index.php?rest_route=\/wp\/v2\/pages\/42"}],"wp:attachment":[{"href":"https:\/\/www.fischwaid-muenchen.de\/index.php?rest_route=%2Fwp%2Fv2%2Fmedia&parent=2131"}],"wp:term":[{"taxonomy":"wf_page_folders","embeddable":true,"href":"https:\/\/www.fischwaid-muenchen.de\/index.php?rest_route=%2Fwp%2Fv2%2Fwf_page_folders&post=2131"}],"curies":[{"name":"wp","href":"https:\/\/api.w.org\/{rel}","templated":true}]}}