{"id":1906,"date":"2023-02-01T12:28:09","date_gmt":"2023-02-01T10:28:09","guid":{"rendered":"https:\/\/www.fischwaid-muenchen.de\/?page_id=1906"},"modified":"2023-02-14T14:22:29","modified_gmt":"2023-02-14T12:22:29","slug":"news","status":"publish","type":"page","link":"https:\/\/www.fischwaid-muenchen.de\/?page_id=1906","title":{"rendered":"News"},"content":{"rendered":"<div id=\"pl-1906\"  class=\"panel-layout\" ><div id=\"pg-1906-0\"  class=\"panel-grid panel-no-style\" ><div id=\"pgc-1906-0-0\"  class=\"panel-grid-cell\" >\t\t\t<div id=\"panel-1906-0-0-0\" class=\"so-panel widget widget_custom-post-type-recent-posts widget_recent_entries panel-first-child panel-last-child\" data-index=\"0\" ><div class=\"panel-widget-style panel-widget-style-for-1906-0-0-0\" ><h3 class=\"widget-title\">Letzten 20 News<\/h3>\t\t\t<ul>\n\t\t\t\t\t\t\t\t\t\t\t\t\t<li>\n\t\t\t\t\t\t\t\t\t\t<a href=\"https:\/\/www.fischwaid-muenchen.de\/?wp_news=vogelgrippe-ist-am-speichersee-bestaetigt\">Vogelgrippe ist am Speichersee best\u00e4tigt<\/a>\n\t\t\t\t\t\t\t\t\t\t\t<span class=\"post-date\">23.10.2025<\/span>\n\t\t\t\t\t\t\t\t\t\t\t\t\t\t<\/li>\n\t\t\t\t\t\t\t\t\t\t\t\t\t<li>\n\t\t\t\t\t\t\t\t\t\t<a href=\"https:\/\/www.fischwaid-muenchen.de\/?wp_news=tageskarten-ab-2025-nur-noch-ueber-hejfish-erhaeltlich\">Tageskarten ab 2025 nur noch \u00fcber Hejfish erh\u00e4ltlich<\/a>\n\t\t\t\t\t\t\t\t\t\t\t<span class=\"post-date\">13.12.2024<\/span>\n\t\t\t\t\t\t\t\t\t\t\t\t\t\t<\/li>\n\t\t\t\t\t\t\t\t\t\t\t\t\t<li>\n\t\t\t\t\t\t\t\t\t\t<a href=\"https:\/\/www.fischwaid-muenchen.de\/?wp_news=arbeitsdienst-scheyern-am-03-08-2024-helfer-gesucht\">Arbeitsdienst Scheyern am 03.08.2024: Helfer gesucht!<\/a>\n\t\t\t\t\t\t\t\t\t\t\t<span class=\"post-date\">29.07.2024<\/span>\n\t\t\t\t\t\t\t\t\t\t\t\t\t\t<\/li>\n\t\t\t\t\t\t\t\t\t\t\t\t\t<li>\n\t\t\t\t\t\t\t\t\t\t<a href=\"https:\/\/www.fischwaid-muenchen.de\/?wp_news=der-waldsee-ist-wieder-freigegeben\">Der Waldsee ist wieder freigegeben!<\/a>\n\t\t\t\t\t\t\t\t\t\t\t<span class=\"post-date\">11.06.2024<\/span>\n\t\t\t\t\t\t\t\t\t\t\t\t\t\t<\/li>\n\t\t\t\t\t\t\t\t\t\t\t\t\t<li>\n\t\t\t\t\t\t\t\t\t\t<a href=\"https:\/\/www.fischwaid-muenchen.de\/?wp_news=waldsee-voruebergehend-wegen-hochwasserschaeden-gesperrt\">Waldsee vor\u00fcbergehend wegen Hochwassersch\u00e4den gesperrt!<\/a>\n\t\t\t\t\t\t\t\t\t\t\t<span class=\"post-date\">4.06.2024<\/span>\n\t\t\t\t\t\t\t\t\t\t\t\t\t\t<\/li>\n\t\t\t\t\t\t\t\t\t\t\t\t\t<li>\n\t\t\t\t\t\t\t\t\t\t<a href=\"https:\/\/www.fischwaid-muenchen.de\/?wp_news=terminerinnerung-mitgliederversammlung-am-freitag-den-26-04-2024\">Terminerinnerung: Mitgliederversammlung am Freitag, den 26.04.2024!<\/a>\n\t\t\t\t\t\t\t\t\t\t\t<span class=\"post-date\">22.04.2024<\/span>\n\t\t\t\t\t\t\t\t\t\t\t\t\t\t<\/li>\n\t\t\t\t\t\t\t\t\t\t\t\t\t<li>\n\t\t\t\t\t\t\t\t\t\t<a href=\"https:\/\/www.fischwaid-muenchen.de\/?wp_news=wir-haben-eine-whatsapp-community-gegruendet\">Wir haben eine WhatsApp Community gegr\u00fcndet!<\/a>\n\t\t\t\t\t\t\t\t\t\t\t<span class=\"post-date\">18.04.2024<\/span>\n\t\t\t\t\t\t\t\t\t\t\t\t\t\t<\/li>\n\t\t\t\t\t\t\t\t\t\t\t\t\t<li>\n\t\t\t\t\t\t\t\t\t\t<a href=\"https:\/\/www.fischwaid-muenchen.de\/?wp_news=stammtisch-am-02-04-2024-faellt-aus\">Stammtisch am 02.04.2024 f\u00e4llt aus<\/a>\n\t\t\t\t\t\t\t\t\t\t\t<span class=\"post-date\">2.04.2024<\/span>\n\t\t\t\t\t\t\t\t\t\t\t\t\t\t<\/li>\n\t\t\t\t\t\t\t\t\t\t\t\t\t<li>\n\t\t\t\t\t\t\t\t\t\t<a href=\"https:\/\/www.fischwaid-muenchen.de\/?wp_news=gewaessersperrzeiten-im-fruehjahr-2024\">Gew\u00e4ssersperrzeiten im Fr\u00fchjahr 2024<\/a>\n\t\t\t\t\t\t\t\t\t\t\t<span class=\"post-date\">2.04.2024<\/span>\n\t\t\t\t\t\t\t\t\t\t\t\t\t\t<\/li>\n\t\t\t\t\t\t\t\t\t\t\t\t\t<li>\n\t\t\t\t\t\t\t\t\t\t<a href=\"https:\/\/www.fischwaid-muenchen.de\/?wp_news=ergebnis-gewaesserprobenentnahme-goldach\">Ergebnis Gew\u00e4sserprobenentnahme Goldach<\/a>\n\t\t\t\t\t\t\t\t\t\t\t<span class=\"post-date\">5.12.2023<\/span>\n\t\t\t\t\t\t\t\t\t\t\t\t\t\t<\/li>\n\t\t\t\t\t\t\t\t\t\t\t\t\t<li>\n\t\t\t\t\t\t\t\t\t\t<a href=\"https:\/\/www.fischwaid-muenchen.de\/?wp_news=parkplatzgebuehren-am-hollerner-see\">Parkplatzgeb\u00fchren am Hollerner See<\/a>\n\t\t\t\t\t\t\t\t\t\t\t<span class=\"post-date\">6.09.2023<\/span>\n\t\t\t\t\t\t\t\t\t\t\t\t\t\t<\/li>\n\t\t\t\t\t\t\t\t\t\t\t\t\t<li>\n\t\t\t\t\t\t\t\t\t\t<a href=\"https:\/\/www.fischwaid-muenchen.de\/?wp_news=betretungsverbot-insel-im-hollerner-see\">Betretungsverbot Insel im Hollerner See<\/a>\n\t\t\t\t\t\t\t\t\t\t\t<span class=\"post-date\">30.07.2023<\/span>\n\t\t\t\t\t\t\t\t\t\t\t\t\t\t<\/li>\n\t\t\t\t\t\t\t\t\t\t\t\t\t<li>\n\t\t\t\t\t\t\t\t\t\t<a href=\"https:\/\/www.fischwaid-muenchen.de\/?wp_news=waldsee-wieder-freigegeben\">Waldsee wieder freigegeben<\/a>\n\t\t\t\t\t\t\t\t\t\t\t<span class=\"post-date\">17.07.2023<\/span>\n\t\t\t\t\t\t\t\t\t\t\t\t\t\t<\/li>\n\t\t\t\t\t\t\t\t\t\t\t\t\t<li>\n\t\t\t\t\t\t\t\t\t\t<a href=\"https:\/\/www.fischwaid-muenchen.de\/?wp_news=waldsee-gesperrt\">Waldsee gesperrt<\/a>\n\t\t\t\t\t\t\t\t\t\t\t<span class=\"post-date\">12.07.2023<\/span>\n\t\t\t\t\t\t\t\t\t\t\t\t\t\t<\/li>\n\t\t\t\t\t\t\t\t\t\t\t\t\t<li>\n\t\t\t\t\t\t\t\t\t\t<a href=\"https:\/\/www.fischwaid-muenchen.de\/?wp_news=stammtisch-am-06-06-2023-faellt-aus\">Stammtisch am 06.06.2023 f\u00e4llt aus<\/a>\n\t\t\t\t\t\t\t\t\t\t\t<span class=\"post-date\">6.06.2023<\/span>\n\t\t\t\t\t\t\t\t\t\t\t\t\t\t<\/li>\n\t\t\t\t\t\t\t\t\t\t\t\t\t<li>\n\t\t\t\t\t\t\t\t\t\t<a href=\"https:\/\/www.fischwaid-muenchen.de\/?wp_news=spendenaufruf-fuer-obstbaeume\">Spendenaufruf f\u00fcr Obstb\u00e4ume<\/a>\n\t\t\t\t\t\t\t\t\t\t\t<span class=\"post-date\">24.02.2023<\/span>\n\t\t\t\t\t\t\t\t\t\t\t\t\t\t<\/li>\n\t\t\t\t\t\t\t\t\t\t\t\t\t<li>\n\t\t\t\t\t\t\t\t\t\t<a href=\"https:\/\/www.fischwaid-muenchen.de\/?wp_news=neuer-termin-vorbereitungskurs-fuer-die-fischerpruefung\">Vorbereitungskurs f\u00fcr die Fischerpr\u00fcfung<\/a>\n\t\t\t\t\t\t\t\t\t\t\t<span class=\"post-date\">21.02.2023<\/span>\n\t\t\t\t\t\t\t\t\t\t\t\t\t\t<\/li>\n\t\t\t\t\t\t\t\t\t\t\t\t\t<li>\n\t\t\t\t\t\t\t\t\t\t<a href=\"https:\/\/www.fischwaid-muenchen.de\/?wp_news=aktualisierte-gewaesserprofile\">Aktualisierte Gew\u00e4sserprofile<\/a>\n\t\t\t\t\t\t\t\t\t\t\t<span class=\"post-date\">14.02.2023<\/span>\n\t\t\t\t\t\t\t\t\t\t\t\t\t\t<\/li>\n\t\t\t\t\t\t\t\t\t\t\t\t\t<li>\n\t\t\t\t\t\t\t\t\t\t<a href=\"https:\/\/www.fischwaid-muenchen.de\/?wp_news=stammtisch-2023\">Stammtisch 2023<\/a>\n\t\t\t\t\t\t\t\t\t\t\t<span class=\"post-date\">12.02.2023<\/span>\n\t\t\t\t\t\t\t\t\t\t\t\t\t\t<\/li>\n\t\t\t\t\t\t\t\t\t\t\t\t\t<li>\n\t\t\t\t\t\t\t\t\t\t<a href=\"https:\/\/www.fischwaid-muenchen.de\/?wp_news=arbeitsdienste-in-2023\">Arbeitsdienste in 2023<\/a>\n\t\t\t\t\t\t\t\t\t\t\t<span class=\"post-date\">29.01.2023<\/span>\n\t\t\t\t\t\t\t\t\t\t\t\t\t\t<\/li>\n\t\t\t\t\t\t\t<\/ul>\n\t\t\t<\/div><\/div><\/div><\/div><\/div>","protected":false},"excerpt":{"rendered":"<p>Letzten 20 News Vogelgrippe ist am Speichersee best\u00e4tigt 23.10.2025 Tageskarten ab 2025 nur noch \u00fcber Hejfish erh\u00e4ltlich 13.12.2024 Arbeitsdienst Scheyern am 03.08.2024: Helfer gesucht! 29.07.2024 Der Waldsee ist wieder freigegeben! 11.06.2024 Waldsee vor\u00fcbergehend wegen Hochwassersch\u00e4den gesperrt! 4.06.2024 Terminerinnerung: Mitgliederversammlung am Freitag, den 26.04.2024! 22.04.2024 Wir haben eine WhatsApp Community gegr\u00fcndet!&#8230;<\/p>\n<p class=\"continue-reading-button\"> <a class=\"continue-reading-link\" href=\"https:\/\/www.fischwaid-muenchen.de\/?page_id=1906\">weiter<i class=\"crycon-right-dir\"><\/i><\/a><\/p>\n","protected":false},"author":2,"featured_media":0,"parent":36,"menu_order":0,"comment_status":"closed","ping_status":"closed","template":"templates\/template-onecolumn.php","meta":{"footnotes":""},"wf_page_folders":[16],"class_list":["post-1906","page","type-page","status-publish","hentry"],"yoast_head":"<!-- This site is optimized with the Yoast SEO plugin v27.6 - https:\/\/yoast.com\/product\/yoast-seo-wordpress\/ -->\n<title>News - Fischereiverein Fischwaid M\u00fcnchen e.V.<\/title>\n<meta name=\"robots\" content=\"index, follow, max-snippet:-1, max-image-preview:large, max-video-preview:-1\" \/>\n<link rel=\"canonical\" href=\"https:\/\/www.fischwaid-muenchen.de\/?page_id=1906\" \/>\n<meta property=\"og:locale\" content=\"de_DE\" \/>\n<meta property=\"og:type\" content=\"article\" \/>\n<meta property=\"og:title\" content=\"News - Fischereiverein Fischwaid M\u00fcnchen e.V.\" \/>\n<meta property=\"og:description\" content=\"Letzten 20 News Vogelgrippe ist am Speichersee best\u00e4tigt 23.10.2025 Tageskarten ab 2025 nur noch \u00fcber Hejfish erh\u00e4ltlich 13.12.2024 Arbeitsdienst Scheyern am 03.08.2024: Helfer gesucht! 29.07.2024 Der Waldsee ist wieder freigegeben! 11.06.2024 Waldsee vor\u00fcbergehend wegen Hochwassersch\u00e4den gesperrt! 4.06.2024 Terminerinnerung: Mitgliederversammlung am Freitag, den 26.04.2024! 22.04.2024 Wir haben eine WhatsApp Community gegr\u00fcndet!... weiter\" \/>\n<meta property=\"og:url\" content=\"https:\/\/www.fischwaid-muenchen.de\/?page_id=1906\" \/>\n<meta property=\"og:site_name\" content=\"Fischereiverein Fischwaid M\u00fcnchen e.V.\" \/>\n<meta property=\"article:publisher\" content=\"https:\/\/www.facebook.com\/Fischereiverein-Fischwaid-Mnchen-eV-175669222446351\" \/>\n<meta property=\"article:modified_time\" content=\"2023-02-14T12:22:29+00:00\" \/>\n<meta name=\"twitter:card\" content=\"summary_large_image\" \/>\n<script type=\"application\/ld+json\" class=\"yoast-schema-graph\">{\"@context\":\"https:\\\/\\\/schema.org\",\"@graph\":[{\"@type\":\"WebPage\",\"@id\":\"https:\\\/\\\/www.fischwaid-muenchen.de\\\/?page_id=1906\",\"url\":\"https:\\\/\\\/www.fischwaid-muenchen.de\\\/?page_id=1906\",\"name\":\"News - Fischereiverein Fischwaid M\u00fcnchen e.V.\",\"isPartOf\":{\"@id\":\"https:\\\/\\\/www.fischwaid-muenchen.de\\\/#website\"},\"datePublished\":\"2023-02-01T10:28:09+00:00\",\"dateModified\":\"2023-02-14T12:22:29+00:00\",\"breadcrumb\":{\"@id\":\"https:\\\/\\\/www.fischwaid-muenchen.de\\\/?page_id=1906#breadcrumb\"},\"inLanguage\":\"de\",\"potentialAction\":[{\"@type\":\"ReadAction\",\"target\":[\"https:\\\/\\\/www.fischwaid-muenchen.de\\\/?page_id=1906\"]}]},{\"@type\":\"BreadcrumbList\",\"@id\":\"https:\\\/\\\/www.fischwaid-muenchen.de\\\/?page_id=1906#breadcrumb\",\"itemListElement\":[{\"@type\":\"ListItem\",\"position\":1,\"name\":\"Startseite\",\"item\":\"https:\\\/\\\/www.fischwaid-muenchen.de\\\/\"},{\"@type\":\"ListItem\",\"position\":2,\"name\":\"Aktuelles\",\"item\":\"https:\\\/\\\/www.fischwaid-muenchen.de\\\/?page_id=36\"},{\"@type\":\"ListItem\",\"position\":3,\"name\":\"News\"}]},{\"@type\":\"WebSite\",\"@id\":\"https:\\\/\\\/www.fischwaid-muenchen.de\\\/#website\",\"url\":\"https:\\\/\\\/www.fischwaid-muenchen.de\\\/\",\"name\":\"Fischereiverein Fischwaid M\u00fcnchen e.V.\",\"description\":\"\",\"publisher\":{\"@id\":\"https:\\\/\\\/www.fischwaid-muenchen.de\\\/#organization\"},\"potentialAction\":[{\"@type\":\"SearchAction\",\"target\":{\"@type\":\"EntryPoint\",\"urlTemplate\":\"https:\\\/\\\/www.fischwaid-muenchen.de\\\/?s={search_term_string}\"},\"query-input\":{\"@type\":\"PropertyValueSpecification\",\"valueRequired\":true,\"valueName\":\"search_term_string\"}}],\"inLanguage\":\"de\"},{\"@type\":\"Organization\",\"@id\":\"https:\\\/\\\/www.fischwaid-muenchen.de\\\/#organization\",\"name\":\"Fischwaid M\u00fcnchen e.V.\",\"url\":\"https:\\\/\\\/www.fischwaid-muenchen.de\\\/\",\"logo\":{\"@type\":\"ImageObject\",\"inLanguage\":\"de\",\"@id\":\"https:\\\/\\\/www.fischwaid-muenchen.de\\\/#\\\/schema\\\/logo\\\/image\\\/\",\"url\":\"https:\\\/\\\/www.fischwaid-muenchen.de\\\/wp-content\\\/uploads\\\/2021\\\/05\\\/fischwaid-logo.png\",\"contentUrl\":\"https:\\\/\\\/www.fischwaid-muenchen.de\\\/wp-content\\\/uploads\\\/2021\\\/05\\\/fischwaid-logo.png\",\"width\":1000,\"height\":1195,\"caption\":\"Fischwaid M\u00fcnchen e.V.\"},\"image\":{\"@id\":\"https:\\\/\\\/www.fischwaid-muenchen.de\\\/#\\\/schema\\\/logo\\\/image\\\/\"},\"sameAs\":[\"https:\\\/\\\/www.facebook.com\\\/Fischereiverein-Fischwaid-Mnchen-eV-175669222446351\",\"https:\\\/\\\/www.instagram.com\\\/fischwaid_muenchen_ev\\\/?igshid=YmMyMTA2M2Y=\"]}]}<\/script>\n<!-- \/ Yoast SEO plugin. -->","yoast_head_json":{"title":"News - Fischereiverein Fischwaid M\u00fcnchen e.V.","robots":{"index":"index","follow":"follow","max-snippet":"max-snippet:-1","max-image-preview":"max-image-preview:large","max-video-preview":"max-video-preview:-1"},"canonical":"https:\/\/www.fischwaid-muenchen.de\/?page_id=1906","og_locale":"de_DE","og_type":"article","og_title":"News - Fischereiverein Fischwaid M\u00fcnchen e.V.","og_description":"Letzten 20 News Vogelgrippe ist am Speichersee best\u00e4tigt 23.10.2025 Tageskarten ab 2025 nur noch \u00fcber Hejfish erh\u00e4ltlich 13.12.2024 Arbeitsdienst Scheyern am 03.08.2024: Helfer gesucht! 29.07.2024 Der Waldsee ist wieder freigegeben! 11.06.2024 Waldsee vor\u00fcbergehend wegen Hochwassersch\u00e4den gesperrt! 4.06.2024 Terminerinnerung: Mitgliederversammlung am Freitag, den 26.04.2024! 22.04.2024 Wir haben eine WhatsApp Community gegr\u00fcndet!... weiter","og_url":"https:\/\/www.fischwaid-muenchen.de\/?page_id=1906","og_site_name":"Fischereiverein Fischwaid M\u00fcnchen e.V.","article_publisher":"https:\/\/www.facebook.com\/Fischereiverein-Fischwaid-Mnchen-eV-175669222446351","article_modified_time":"2023-02-14T12:22:29+00:00","twitter_card":"summary_large_image","schema":{"@context":"https:\/\/schema.org","@graph":[{"@type":"WebPage","@id":"https:\/\/www.fischwaid-muenchen.de\/?page_id=1906","url":"https:\/\/www.fischwaid-muenchen.de\/?page_id=1906","name":"News - Fischereiverein Fischwaid M\u00fcnchen e.V.","isPartOf":{"@id":"https:\/\/www.fischwaid-muenchen.de\/#website"},"datePublished":"2023-02-01T10:28:09+00:00","dateModified":"2023-02-14T12:22:29+00:00","breadcrumb":{"@id":"https:\/\/www.fischwaid-muenchen.de\/?page_id=1906#breadcrumb"},"inLanguage":"de","potentialAction":[{"@type":"ReadAction","target":["https:\/\/www.fischwaid-muenchen.de\/?page_id=1906"]}]},{"@type":"BreadcrumbList","@id":"https:\/\/www.fischwaid-muenchen.de\/?page_id=1906#breadcrumb","itemListElement":[{"@type":"ListItem","position":1,"name":"Startseite","item":"https:\/\/www.fischwaid-muenchen.de\/"},{"@type":"ListItem","position":2,"name":"Aktuelles","item":"https:\/\/www.fischwaid-muenchen.de\/?page_id=36"},{"@type":"ListItem","position":3,"name":"News"}]},{"@type":"WebSite","@id":"https:\/\/www.fischwaid-muenchen.de\/#website","url":"https:\/\/www.fischwaid-muenchen.de\/","name":"Fischereiverein Fischwaid M\u00fcnchen e.V.","description":"","publisher":{"@id":"https:\/\/www.fischwaid-muenchen.de\/#organization"},"potentialAction":[{"@type":"SearchAction","target":{"@type":"EntryPoint","urlTemplate":"https:\/\/www.fischwaid-muenchen.de\/?s={search_term_string}"},"query-input":{"@type":"PropertyValueSpecification","valueRequired":true,"valueName":"search_term_string"}}],"inLanguage":"de"},{"@type":"Organization","@id":"https:\/\/www.fischwaid-muenchen.de\/#organization","name":"Fischwaid M\u00fcnchen e.V.","url":"https:\/\/www.fischwaid-muenchen.de\/","logo":{"@type":"ImageObject","inLanguage":"de","@id":"https:\/\/www.fischwaid-muenchen.de\/#\/schema\/logo\/image\/","url":"https:\/\/www.fischwaid-muenchen.de\/wp-content\/uploads\/2021\/05\/fischwaid-logo.png","contentUrl":"https:\/\/www.fischwaid-muenchen.de\/wp-content\/uploads\/2021\/05\/fischwaid-logo.png","width":1000,"height":1195,"caption":"Fischwaid M\u00fcnchen e.V."},"image":{"@id":"https:\/\/www.fischwaid-muenchen.de\/#\/schema\/logo\/image\/"},"sameAs":["https:\/\/www.facebook.com\/Fischereiverein-Fischwaid-Mnchen-eV-175669222446351","https:\/\/www.instagram.com\/fischwaid_muenchen_ev\/?igshid=YmMyMTA2M2Y="]}]}},"_links":{"self":[{"href":"https:\/\/www.fischwaid-muenchen.de\/index.php?rest_route=\/wp\/v2\/pages\/1906","targetHints":{"allow":["GET"]}}],"collection":[{"href":"https:\/\/www.fischwaid-muenchen.de\/index.php?rest_route=\/wp\/v2\/pages"}],"about":[{"href":"https:\/\/www.fischwaid-muenchen.de\/index.php?rest_route=\/wp\/v2\/types\/page"}],"author":[{"embeddable":true,"href":"https:\/\/www.fischwaid-muenchen.de\/index.php?rest_route=\/wp\/v2\/users\/2"}],"replies":[{"embeddable":true,"href":"https:\/\/www.fischwaid-muenchen.de\/index.php?rest_route=%2Fwp%2Fv2%2Fcomments&post=1906"}],"version-history":[{"count":0,"href":"https:\/\/www.fischwaid-muenchen.de\/index.php?rest_route=\/wp\/v2\/pages\/1906\/revisions"}],"up":[{"embeddable":true,"href":"https:\/\/www.fischwaid-muenchen.de\/index.php?rest_route=\/wp\/v2\/pages\/36"}],"wp:attachment":[{"href":"https:\/\/www.fischwaid-muenchen.de\/index.php?rest_route=%2Fwp%2Fv2%2Fmedia&parent=1906"}],"wp:term":[{"taxonomy":"wf_page_folders","embeddable":true,"href":"https:\/\/www.fischwaid-muenchen.de\/index.php?rest_route=%2Fwp%2Fv2%2Fwf_page_folders&post=1906"}],"curies":[{"name":"wp","href":"https:\/\/api.w.org\/{rel}","templated":true}]}}