{"id":187,"date":"2021-05-11T14:47:09","date_gmt":"2021-05-11T14:47:09","guid":{"rendered":"http:\/\/www.fischwaid-muenchen.de\/?page_id=187"},"modified":"2025-01-08T18:34:47","modified_gmt":"2025-01-08T16:34:47","slug":"mitgliedschaft","status":"publish","type":"page","link":"https:\/\/www.fischwaid-muenchen.de\/?page_id=187","title":{"rendered":"Mitgliedschaft"},"content":{"rendered":"<div id=\"pl-187\"  class=\"panel-layout\" ><div id=\"pg-187-0\"  class=\"panel-grid panel-has-style\" ><div class=\"panel-row-style panel-row-style-for-187-0\" ><div id=\"pgc-187-0-0\"  class=\"panel-grid-cell\" ><div id=\"panel-187-0-0-0\" class=\"so-panel widget widget_siteorigin-panels-builder panel-first-child panel-last-child\" data-index=\"0\" ><div class=\"panel-widget-style panel-widget-style-for-187-0-0-0\" ><div id=\"pl-w677ea927adf2a\"  class=\"panel-layout\" ><div id=\"pg-w677ea927adf2a-0\"  class=\"panel-grid panel-no-style\" ><div id=\"pgc-w677ea927adf2a-0-0\"  class=\"panel-grid-cell\" ><div id=\"panel-w677ea927adf2a-0-0-0\" class=\"so-panel widget widget_siteorigin-panels-builder panel-first-child\" data-index=\"0\" ><div id=\"pl-w652ab94f2dcc7\"  class=\"panel-layout\" ><div id=\"pg-w652ab94f2dcc7-0\"  class=\"panel-grid panel-no-style\" ><div id=\"pgc-w652ab94f2dcc7-0-0\"  class=\"panel-grid-cell\" ><div id=\"panel-w652ab94f2dcc7-0-0-0\" class=\"so-panel widget widget_sow-editor panel-first-child panel-last-child\" data-index=\"0\" ><div\n\t\t\t\n\t\t\tclass=\"so-widget-sow-editor so-widget-sow-editor-base\"\n\t\t\t\n\t\t>\n<div class=\"siteorigin-widget-tinymce textwidget\">\n\t<p style=\"text-align: left;\"><span style=\"font-family: arial, helvetica, sans-serif;\">Der Fischereiverein Fischwaid M\u00fcnchen e.V. nimmt aktive und passive Mitglieder auf.<\/span><\/p>\n<p style=\"text-align: left;\"><span style=\"font-family: arial, helvetica, sans-serif;\">Aufnahmegeb\u00fchr: 200,00 \u20ac<\/span><\/p>\n<p style=\"text-align: left;\"><span style=\"font-family: arial, helvetica, sans-serif;\">Jedes aktive m\u00e4nnliche Mitglied muss bis 65 pro Jahr 12 Arbeitsdienststunden leisten.<\/span><br \/>\n<span style=\"font-family: arial, helvetica, sans-serif;\">Jede nicht geleistete Arbeitsdienststunde wird mit einer Geb\u00fchr von 20,00 \u20ac belastet.<\/span><br \/>\n<span style=\"font-family: arial, helvetica, sans-serif;\">Jedes aktive Mitglied ist verpflichtet mindestens eine Jahreskarte abzunehmen.<\/span><\/p>\n<\/div>\n<\/div><\/div><\/div><div id=\"pgc-w652ab94f2dcc7-0-1\"  class=\"panel-grid-cell\" ><div id=\"panel-w652ab94f2dcc7-0-1-0\" class=\"so-panel widget widget_sow-editor panel-first-child panel-last-child\" data-index=\"1\" ><div\n\t\t\t\n\t\t\tclass=\"so-widget-sow-editor so-widget-sow-editor-base\"\n\t\t\t\n\t\t>\n<div class=\"siteorigin-widget-tinymce textwidget\">\n\t<p style=\"text-align: right;\"><a href=\"https:\/\/www.fischwaid-muenchen.de\/?page_id=1360\"><span style=\"font-family: arial, helvetica, sans-serif;\">Neues Mitglied werden<\/span><\/a><\/p>\n<\/div>\n<\/div><\/div><\/div><\/div><\/div><\/div><div id=\"panel-w677ea927adf2a-0-0-1\" class=\"so-panel widget widget_sow-editor\" data-index=\"1\" ><div\n\t\t\t\n\t\t\tclass=\"so-widget-sow-editor so-widget-sow-editor-base\"\n\t\t\t\n\t\t>\n<div class=\"siteorigin-widget-tinymce textwidget\">\n\t<p style=\"text-align: left;\" align=\"center\"><span style=\"font-family: arial, helvetica, sans-serif;\"><strong>Jahresbeitr\u00e4ge:<\/strong><\/span><\/p>\n<p style=\"text-align: left;\"><span style=\"font-family: arial, helvetica, sans-serif;\">aktive Mitglieder:\u00a0 \u00a0\u00a0 50<span style=\"text-align: -webkit-right;\">,00<\/span><span style=\"text-align: -webkit-right;\"> \u20ac<\/span><\/span><\/p>\n<p style=\"text-align: left;\"><span style=\"font-family: arial, helvetica, sans-serif;\">passive Mitglieder:\u00a0 55,00 \u20ac<\/span><\/p>\n<hr \/>\n<p style=\"text-align: left;\">\n<\/div>\n<\/div><\/div><div id=\"panel-w677ea927adf2a-0-0-2\" class=\"so-panel widget widget_sow-editor\" data-index=\"2\" ><div\n\t\t\t\n\t\t\tclass=\"so-widget-sow-editor so-widget-sow-editor-base\"\n\t\t\t\n\t\t>\n<div class=\"siteorigin-widget-tinymce textwidget\">\n\t<p style=\"text-align: left;\" align=\"center\"><span style=\"font-family: arial, helvetica, sans-serif;\"><strong>Jahreskartenpreise:<\/strong><\/span><\/p>\n<table style=\"width: 99.8288%; height: 312px;\" width=\"100%\" cellspacing=\"0\" cellpadding=\"4\">\n<tbody>\n<tr style=\"height: 24px;\">\n<td style=\"width: 33.9094%; height: 24px;\"><span style=\"font-family: arial, helvetica, sans-serif;\"><strong>Flie\u00dfgew\u00e4sser<\/strong><\/span><\/td>\n<td style=\"width: 65.9522%; height: 24px;\"><\/td>\n<\/tr>\n<tr style=\"height: 24px;\" valign=\"top\">\n<td style=\"width: 33.9094%; height: 24px;\" width=\"50%\"><span style=\"font-family: arial, helvetica, sans-serif;\">Ilm mit Altwasser<\/span><\/td>\n<td style=\"width: 65.9522%; height: 24px;\" width=\"50%\"><span style=\"font-family: arial, helvetica, sans-serif;\">125,00 \u20ac<\/span><\/td>\n<\/tr>\n<tr style=\"height: 24px;\" valign=\"top\">\n<td style=\"width: 33.9094%; height: 24px;\" width=\"50%\"><span style=\"font-family: arial, helvetica, sans-serif;\">Nasenbach<\/span><\/td>\n<td style=\"width: 65.9522%; height: 24px;\" width=\"50%\"><span style=\"font-family: arial, helvetica, sans-serif;\">125,00 \u20ac<\/span><\/td>\n<\/tr>\n<tr style=\"height: 24px;\" valign=\"top\">\n<td style=\"width: 33.9094%; height: 24px;\" width=\"50%\"><span style=\"font-family: arial, helvetica, sans-serif;\">Vils<\/span><\/td>\n<td style=\"width: 65.9522%; height: 24px;\" width=\"50%\"><span style=\"font-family: arial, helvetica, sans-serif;\">125,00 \u20ac<\/span><\/td>\n<\/tr>\n<tr style=\"height: 24px;\">\n<td style=\"width: 33.9094%; height: 24px;\"><span style=\"font-family: arial, helvetica, sans-serif;\">Goldach II<strong><br \/>\n<\/strong><\/span><\/td>\n<td style=\"width: 65.9522%; height: 24px;\"><span style=\"font-family: arial, helvetica, sans-serif;\">150,00 \u20ac (Warteliste)<br \/>\n<\/span><\/td>\n<\/tr>\n<tr style=\"height: 24px;\">\n<td style=\"width: 33.9094%; height: 24px;\"><span style=\"font-family: arial, helvetica, sans-serif;\"><strong>\u00a0<\/strong><\/span><\/td>\n<td style=\"width: 65.9522%; height: 24px;\"><\/td>\n<\/tr>\n<tr style=\"height: 24px;\">\n<td style=\"width: 33.9094%; height: 24px;\"><span style=\"font-family: arial, helvetica, sans-serif;\"><strong>Stillgew\u00e4sser<\/strong><\/span><\/td>\n<td style=\"width: 65.9522%; height: 24px;\"><\/td>\n<\/tr>\n<tr style=\"height: 24px;\">\n<td style=\"width: 33.9094%; height: 24px;\"><span style=\"font-family: arial, helvetica, sans-serif;\">Feringasee<\/span><\/td>\n<td style=\"width: 65.9522%; height: 24px;\"><span style=\"font-family: arial, helvetica, sans-serif;\">125,00 \u20ac<\/span><\/td>\n<\/tr>\n<tr style=\"height: 24px;\" valign=\"top\">\n<td style=\"width: 33.9094%; height: 24px;\" width=\"50%\"><span style=\"font-family: arial, helvetica, sans-serif;\">Hollerner See<\/span><\/td>\n<td style=\"width: 65.9522%; height: 24px;\" width=\"50%\"><span style=\"font-family: arial, helvetica, sans-serif;\">125,00 \u20ac<\/span><\/td>\n<\/tr>\n<tr style=\"height: 24px;\" valign=\"top\">\n<td style=\"width: 33.9094%; height: 24px;\" width=\"50%\"><span style=\"font-family: arial, helvetica, sans-serif;\">Scheyern<\/span><\/td>\n<td style=\"width: 65.9522%; height: 24px;\" width=\"50%\"><span style=\"font-family: arial, helvetica, sans-serif;\">125,00 \u20ac<\/span><\/td>\n<\/tr>\n<tr style=\"height: 24px;\" valign=\"top\">\n<td style=\"width: 33.9094%; height: 24px;\" width=\"50%\"><span style=\"font-family: arial, helvetica, sans-serif;\">Speichersee<\/span><\/td>\n<td style=\"width: 65.9522%; height: 24px;\" width=\"50%\"><span style=\"font-family: arial, helvetica, sans-serif;\">150,00 \u20ac<br \/>\n<\/span><\/td>\n<\/tr>\n<tr style=\"height: 24px;\" valign=\"top\">\n<td style=\"width: 33.9094%; height: 24px;\" width=\"50%\"><span style=\"font-family: arial, helvetica, sans-serif;\">Waldsee <\/span><\/td>\n<td style=\"width: 65.9522%; height: 24px;\" width=\"50%\"><span style=\"font-family: arial, helvetica, sans-serif;\">125,00 \u20ac<\/span><\/td>\n<\/tr>\n<tr style=\"height: 24px;\" valign=\"top\">\n<td style=\"width: 33.9094%; height: 24px;\" width=\"50%\"><span style=\"font-family: arial, helvetica, sans-serif;\">Wieling<\/span><\/td>\n<td style=\"width: 65.9522%; height: 24px;\" width=\"50%\"><span style=\"font-family: arial, helvetica, sans-serif;\">100,00 \u20ac<\/span><\/td>\n<\/tr>\n<\/tbody>\n<\/table>\n<\/div>\n<\/div><\/div><div id=\"panel-w677ea927adf2a-0-0-3\" class=\"so-panel widget widget_sow-editor panel-last-child\" data-index=\"3\" ><div\n\t\t\t\n\t\t\tclass=\"so-widget-sow-editor so-widget-sow-editor-base\"\n\t\t\t\n\t\t>\n<div class=\"siteorigin-widget-tinymce textwidget\">\n\t<p style=\"text-align: left;\" align=\"center\"><span style=\"font-family: arial, helvetica, sans-serif;\"><strong>Jahreskarten:<\/strong><\/span><\/p>\n<p style=\"text-align: left;\" align=\"center\"><span style=\"font-family: arial, helvetica, sans-serif; font-size: 12pt;\">Es gibt die M\u00f6glichkeit eine Sammelkarte zu erwerben.\u00a0<\/span><span style=\"font-family: arial, helvetica, sans-serif; font-size: 12pt;\">Diese beinhaltet 4 Jahreskarten nach Wahl, jedoch maximal 1 Flie\u00dfgew\u00e4sser (nicht Goldach II) zu einem Preis von 350,00 \u20ac.<\/span><\/p>\n<p style=\"text-align: left;\" align=\"center\"><span style=\"font-family: arial, helvetica, sans-serif;\">Weiter Informationen in unserer <a href=\"https:\/\/www.fischwaid-muenchen.de\/public\/ordnungen\/Beitragsordnung.pdf\">Beitragsordung<\/a><br \/>\n<\/span><\/p>\n<\/div>\n<\/div><\/div><\/div><\/div><\/div><\/div><\/div><\/div><\/div><\/div><\/div>","protected":false},"excerpt":{"rendered":"<p>Der Fischereiverein Fischwaid M\u00fcnchen e.V. nimmt aktive und passive Mitglieder auf. Aufnahmegeb\u00fchr: 200,00 \u20ac Jedes aktive m\u00e4nnliche Mitglied muss bis 65 pro Jahr 12 Arbeitsdienststunden leisten. Jede nicht geleistete Arbeitsdienststunde wird mit einer Geb\u00fchr von 20,00 \u20ac belastet. Jedes aktive Mitglied ist verpflichtet mindestens eine Jahreskarte abzunehmen. Neues Mitglied werden&#8230;<\/p>\n<p class=\"continue-reading-button\"> <a class=\"continue-reading-link\" href=\"https:\/\/www.fischwaid-muenchen.de\/?page_id=187\">weiter<i class=\"crycon-right-dir\"><\/i><\/a><\/p>\n","protected":false},"author":2,"featured_media":0,"parent":39,"menu_order":0,"comment_status":"closed","ping_status":"closed","template":"templates\/template-onecolumn.php","meta":{"footnotes":""},"wf_page_folders":[18],"class_list":["post-187","page","type-page","status-publish","hentry"],"yoast_head":"<!-- This site is optimized with the Yoast SEO plugin v27.5 - https:\/\/yoast.com\/product\/yoast-seo-wordpress\/ -->\n<title>Mitgliedschaft - Fischereiverein Fischwaid M\u00fcnchen e.V.<\/title>\n<meta name=\"robots\" content=\"index, follow, max-snippet:-1, max-image-preview:large, max-video-preview:-1\" \/>\n<link rel=\"canonical\" href=\"https:\/\/www.fischwaid-muenchen.de\/?page_id=187\" \/>\n<meta property=\"og:locale\" content=\"de_DE\" \/>\n<meta property=\"og:type\" content=\"article\" \/>\n<meta property=\"og:title\" content=\"Mitgliedschaft - Fischereiverein Fischwaid M\u00fcnchen e.V.\" \/>\n<meta property=\"og:description\" content=\"Der Fischereiverein Fischwaid M\u00fcnchen e.V. nimmt aktive und passive Mitglieder auf. Aufnahmegeb\u00fchr: 200,00 \u20ac Jedes aktive m\u00e4nnliche Mitglied muss bis 65 pro Jahr 12 Arbeitsdienststunden leisten. Jede nicht geleistete Arbeitsdienststunde wird mit einer Geb\u00fchr von 20,00 \u20ac belastet. Jedes aktive Mitglied ist verpflichtet mindestens eine Jahreskarte abzunehmen. Neues Mitglied werden... weiter\" \/>\n<meta property=\"og:url\" content=\"https:\/\/www.fischwaid-muenchen.de\/?page_id=187\" \/>\n<meta property=\"og:site_name\" content=\"Fischereiverein Fischwaid M\u00fcnchen e.V.\" \/>\n<meta property=\"article:publisher\" content=\"https:\/\/www.facebook.com\/Fischereiverein-Fischwaid-Mnchen-eV-175669222446351\" \/>\n<meta property=\"article:modified_time\" content=\"2025-01-08T16:34:47+00:00\" \/>\n<meta name=\"twitter:card\" content=\"summary_large_image\" \/>\n<script type=\"application\/ld+json\" class=\"yoast-schema-graph\">{\"@context\":\"https:\\\/\\\/schema.org\",\"@graph\":[{\"@type\":\"WebPage\",\"@id\":\"https:\\\/\\\/www.fischwaid-muenchen.de\\\/?page_id=187\",\"url\":\"https:\\\/\\\/www.fischwaid-muenchen.de\\\/?page_id=187\",\"name\":\"Mitgliedschaft - Fischereiverein Fischwaid M\u00fcnchen e.V.\",\"isPartOf\":{\"@id\":\"https:\\\/\\\/www.fischwaid-muenchen.de\\\/#website\"},\"datePublished\":\"2021-05-11T14:47:09+00:00\",\"dateModified\":\"2025-01-08T16:34:47+00:00\",\"breadcrumb\":{\"@id\":\"https:\\\/\\\/www.fischwaid-muenchen.de\\\/?page_id=187#breadcrumb\"},\"inLanguage\":\"de\",\"potentialAction\":[{\"@type\":\"ReadAction\",\"target\":[\"https:\\\/\\\/www.fischwaid-muenchen.de\\\/?page_id=187\"]}]},{\"@type\":\"BreadcrumbList\",\"@id\":\"https:\\\/\\\/www.fischwaid-muenchen.de\\\/?page_id=187#breadcrumb\",\"itemListElement\":[{\"@type\":\"ListItem\",\"position\":1,\"name\":\"Startseite\",\"item\":\"https:\\\/\\\/www.fischwaid-muenchen.de\\\/\"},{\"@type\":\"ListItem\",\"position\":2,\"name\":\"Verein\",\"item\":\"https:\\\/\\\/www.fischwaid-muenchen.de\\\/?page_id=39\"},{\"@type\":\"ListItem\",\"position\":3,\"name\":\"Mitgliedschaft\"}]},{\"@type\":\"WebSite\",\"@id\":\"https:\\\/\\\/www.fischwaid-muenchen.de\\\/#website\",\"url\":\"https:\\\/\\\/www.fischwaid-muenchen.de\\\/\",\"name\":\"Fischereiverein Fischwaid M\u00fcnchen e.V.\",\"description\":\"\",\"publisher\":{\"@id\":\"https:\\\/\\\/www.fischwaid-muenchen.de\\\/#organization\"},\"potentialAction\":[{\"@type\":\"SearchAction\",\"target\":{\"@type\":\"EntryPoint\",\"urlTemplate\":\"https:\\\/\\\/www.fischwaid-muenchen.de\\\/?s={search_term_string}\"},\"query-input\":{\"@type\":\"PropertyValueSpecification\",\"valueRequired\":true,\"valueName\":\"search_term_string\"}}],\"inLanguage\":\"de\"},{\"@type\":\"Organization\",\"@id\":\"https:\\\/\\\/www.fischwaid-muenchen.de\\\/#organization\",\"name\":\"Fischwaid M\u00fcnchen e.V.\",\"url\":\"https:\\\/\\\/www.fischwaid-muenchen.de\\\/\",\"logo\":{\"@type\":\"ImageObject\",\"inLanguage\":\"de\",\"@id\":\"https:\\\/\\\/www.fischwaid-muenchen.de\\\/#\\\/schema\\\/logo\\\/image\\\/\",\"url\":\"https:\\\/\\\/www.fischwaid-muenchen.de\\\/wp-content\\\/uploads\\\/2021\\\/05\\\/fischwaid-logo.png\",\"contentUrl\":\"https:\\\/\\\/www.fischwaid-muenchen.de\\\/wp-content\\\/uploads\\\/2021\\\/05\\\/fischwaid-logo.png\",\"width\":1000,\"height\":1195,\"caption\":\"Fischwaid M\u00fcnchen e.V.\"},\"image\":{\"@id\":\"https:\\\/\\\/www.fischwaid-muenchen.de\\\/#\\\/schema\\\/logo\\\/image\\\/\"},\"sameAs\":[\"https:\\\/\\\/www.facebook.com\\\/Fischereiverein-Fischwaid-Mnchen-eV-175669222446351\",\"https:\\\/\\\/www.instagram.com\\\/fischwaid_muenchen_ev\\\/?igshid=YmMyMTA2M2Y=\"]}]}<\/script>\n<!-- \/ Yoast SEO plugin. -->","yoast_head_json":{"title":"Mitgliedschaft - Fischereiverein Fischwaid M\u00fcnchen e.V.","robots":{"index":"index","follow":"follow","max-snippet":"max-snippet:-1","max-image-preview":"max-image-preview:large","max-video-preview":"max-video-preview:-1"},"canonical":"https:\/\/www.fischwaid-muenchen.de\/?page_id=187","og_locale":"de_DE","og_type":"article","og_title":"Mitgliedschaft - Fischereiverein Fischwaid M\u00fcnchen e.V.","og_description":"Der Fischereiverein Fischwaid M\u00fcnchen e.V. nimmt aktive und passive Mitglieder auf. Aufnahmegeb\u00fchr: 200,00 \u20ac Jedes aktive m\u00e4nnliche Mitglied muss bis 65 pro Jahr 12 Arbeitsdienststunden leisten. Jede nicht geleistete Arbeitsdienststunde wird mit einer Geb\u00fchr von 20,00 \u20ac belastet. Jedes aktive Mitglied ist verpflichtet mindestens eine Jahreskarte abzunehmen. Neues Mitglied werden... weiter","og_url":"https:\/\/www.fischwaid-muenchen.de\/?page_id=187","og_site_name":"Fischereiverein Fischwaid M\u00fcnchen e.V.","article_publisher":"https:\/\/www.facebook.com\/Fischereiverein-Fischwaid-Mnchen-eV-175669222446351","article_modified_time":"2025-01-08T16:34:47+00:00","twitter_card":"summary_large_image","schema":{"@context":"https:\/\/schema.org","@graph":[{"@type":"WebPage","@id":"https:\/\/www.fischwaid-muenchen.de\/?page_id=187","url":"https:\/\/www.fischwaid-muenchen.de\/?page_id=187","name":"Mitgliedschaft - Fischereiverein Fischwaid M\u00fcnchen e.V.","isPartOf":{"@id":"https:\/\/www.fischwaid-muenchen.de\/#website"},"datePublished":"2021-05-11T14:47:09+00:00","dateModified":"2025-01-08T16:34:47+00:00","breadcrumb":{"@id":"https:\/\/www.fischwaid-muenchen.de\/?page_id=187#breadcrumb"},"inLanguage":"de","potentialAction":[{"@type":"ReadAction","target":["https:\/\/www.fischwaid-muenchen.de\/?page_id=187"]}]},{"@type":"BreadcrumbList","@id":"https:\/\/www.fischwaid-muenchen.de\/?page_id=187#breadcrumb","itemListElement":[{"@type":"ListItem","position":1,"name":"Startseite","item":"https:\/\/www.fischwaid-muenchen.de\/"},{"@type":"ListItem","position":2,"name":"Verein","item":"https:\/\/www.fischwaid-muenchen.de\/?page_id=39"},{"@type":"ListItem","position":3,"name":"Mitgliedschaft"}]},{"@type":"WebSite","@id":"https:\/\/www.fischwaid-muenchen.de\/#website","url":"https:\/\/www.fischwaid-muenchen.de\/","name":"Fischereiverein Fischwaid M\u00fcnchen e.V.","description":"","publisher":{"@id":"https:\/\/www.fischwaid-muenchen.de\/#organization"},"potentialAction":[{"@type":"SearchAction","target":{"@type":"EntryPoint","urlTemplate":"https:\/\/www.fischwaid-muenchen.de\/?s={search_term_string}"},"query-input":{"@type":"PropertyValueSpecification","valueRequired":true,"valueName":"search_term_string"}}],"inLanguage":"de"},{"@type":"Organization","@id":"https:\/\/www.fischwaid-muenchen.de\/#organization","name":"Fischwaid M\u00fcnchen e.V.","url":"https:\/\/www.fischwaid-muenchen.de\/","logo":{"@type":"ImageObject","inLanguage":"de","@id":"https:\/\/www.fischwaid-muenchen.de\/#\/schema\/logo\/image\/","url":"https:\/\/www.fischwaid-muenchen.de\/wp-content\/uploads\/2021\/05\/fischwaid-logo.png","contentUrl":"https:\/\/www.fischwaid-muenchen.de\/wp-content\/uploads\/2021\/05\/fischwaid-logo.png","width":1000,"height":1195,"caption":"Fischwaid M\u00fcnchen e.V."},"image":{"@id":"https:\/\/www.fischwaid-muenchen.de\/#\/schema\/logo\/image\/"},"sameAs":["https:\/\/www.facebook.com\/Fischereiverein-Fischwaid-Mnchen-eV-175669222446351","https:\/\/www.instagram.com\/fischwaid_muenchen_ev\/?igshid=YmMyMTA2M2Y="]}]}},"_links":{"self":[{"href":"https:\/\/www.fischwaid-muenchen.de\/index.php?rest_route=\/wp\/v2\/pages\/187","targetHints":{"allow":["GET"]}}],"collection":[{"href":"https:\/\/www.fischwaid-muenchen.de\/index.php?rest_route=\/wp\/v2\/pages"}],"about":[{"href":"https:\/\/www.fischwaid-muenchen.de\/index.php?rest_route=\/wp\/v2\/types\/page"}],"author":[{"embeddable":true,"href":"https:\/\/www.fischwaid-muenchen.de\/index.php?rest_route=\/wp\/v2\/users\/2"}],"replies":[{"embeddable":true,"href":"https:\/\/www.fischwaid-muenchen.de\/index.php?rest_route=%2Fwp%2Fv2%2Fcomments&post=187"}],"version-history":[{"count":0,"href":"https:\/\/www.fischwaid-muenchen.de\/index.php?rest_route=\/wp\/v2\/pages\/187\/revisions"}],"up":[{"embeddable":true,"href":"https:\/\/www.fischwaid-muenchen.de\/index.php?rest_route=\/wp\/v2\/pages\/39"}],"wp:attachment":[{"href":"https:\/\/www.fischwaid-muenchen.de\/index.php?rest_route=%2Fwp%2Fv2%2Fmedia&parent=187"}],"wp:term":[{"taxonomy":"wf_page_folders","embeddable":true,"href":"https:\/\/www.fischwaid-muenchen.de\/index.php?rest_route=%2Fwp%2Fv2%2Fwf_page_folders&post=187"}],"curies":[{"name":"wp","href":"https:\/\/api.w.org\/{rel}","templated":true}]}}