{"id":1810,"date":"2023-02-02T10:52:18","date_gmt":"2023-02-02T08:52:18","guid":{"rendered":"https:\/\/www.fischwaid-muenchen.de\/?page_id=1810"},"modified":"2024-12-13T20:30:59","modified_gmt":"2024-12-13T18:30:59","slug":"profil-feringasee-neu","status":"publish","type":"page","link":"https:\/\/www.fischwaid-muenchen.de\/?page_id=1810","title":{"rendered":"Feringasee"},"content":{"rendered":"<div id=\"pl-1810\"  class=\"panel-layout\" ><div id=\"pg-1810-0\"  class=\"panel-grid panel-no-style\" ><div id=\"pgc-1810-0-0\"  class=\"panel-grid-cell\" ><div id=\"panel-1810-0-0-0\" class=\"so-panel widget widget_sow-editor panel-first-child panel-last-child\" data-index=\"0\" ><div\n\t\t\t\n\t\t\tclass=\"so-widget-sow-editor so-widget-sow-editor-base\"\n\t\t\t\n\t\t><h3 class=\"widget-title\"> <\/h3>\n<div class=\"siteorigin-widget-tinymce textwidget\">\n\t<div class=\"n2_ss_slider_publish__option_code\" dir=\"ltr\" data-mode=\"id\"><\/div>\n<\/div>\n<\/div><\/div><\/div><\/div><div id=\"pg-1810-1\"  class=\"panel-grid panel-no-style\" ><div id=\"pgc-1810-1-0\"  class=\"panel-grid-cell\" ><div id=\"panel-1810-1-0-0\" class=\"so-panel widget widget_siteorigin-panels-builder panel-first-child panel-last-child\" data-index=\"1\" ><div class=\"panel-widget-style panel-widget-style-for-1810-1-0-0\" ><div id=\"pl-w675c73f5eecf6\"  class=\"panel-layout\" ><div id=\"pg-w675c73f5eecf6-0\"  class=\"panel-grid panel-no-style\" ><div id=\"pgc-w675c73f5eecf6-0-0\"  class=\"panel-grid-cell\" ><div id=\"panel-w675c73f5eecf6-0-0-0\" class=\"so-panel widget widget_sow-editor panel-first-child panel-last-child\" data-index=\"0\" ><div\n\t\t\t\n\t\t\tclass=\"so-widget-sow-editor so-widget-sow-editor-base\"\n\t\t\t\n\t\t>\n<div class=\"siteorigin-widget-tinymce textwidget\">\n\t<p style=\"text-align: left;\"><span style=\"font-family: arial, helvetica, sans-serif;\"><strong>Saison:<\/strong> \u00a0\u00a0\u00a0\u00a0\u00a0\u00a0\u00a0\u00a0\u00a0\u00a0\u00a0 1. Januar bis 31. Dezember<\/span><\/p>\n<p style=\"text-align: left;\"><span style=\"font-family: arial, helvetica, sans-serif;\"><strong>Boot:<\/strong>\u00a0 \u00a0 \u00a0 \u00a0 \u00a0 \u00a0 \u00a0 \u00a0 \u00a0Die Nutzung von Booten etc. ist gem\u00e4\u00df Art. 18 Absatz 1 Satz 1 BayWG f\u00fcr Jahreskarteninhaber erlaubt. Schleppen ist verboten.<br \/>\n<\/span><\/p>\n<p style=\"text-align: left;\"><span style=\"font-family: arial, helvetica, sans-serif;\"><strong>Nachtfischen:<\/strong> \u00a0 erlaubt<\/span><\/p>\n<p style=\"text-align: left;\"><span style=\"font-family: arial, helvetica, sans-serif;\"><strong>Fischarten:<\/strong> \u00a0\u00a0\u00a0\u00a0\u00a0 Zander, Hecht, Wels (Waller), Regenbogenforelle, Renke (Reinanke, Felchen), Aal, Flussbarsch, Karpfen, Schleie, Rotauge, Rotfeder, Giebel, G\u00fcster<\/span><\/p>\n<p style=\"text-align: left;\"><span style=\"font-family: arial, helvetica, sans-serif;\"><strong>Techniken:<\/strong> \u00a0 \u00a0\u00a0\u00a0\u00a0 Ansitzangeln, Feedern, Fliegenfischen, Friedfischangeln, Hegenenangeln, Karpfenangeln, Naturk\u00f6derangeln, Oberfl\u00e4chenangeln, Raubfischangeln, Spinnangeln, Stippangeln<\/span><\/p>\n<\/div>\n<\/div><\/div><\/div><div id=\"pgc-w675c73f5eecf6-0-1\"  class=\"panel-grid-cell\" ><div id=\"panel-w675c73f5eecf6-0-1-0\" class=\"so-panel widget widget_sow-image panel-first-child panel-last-child\" data-index=\"1\" ><div\n\t\t\t\n\t\t\tclass=\"so-widget-sow-image so-widget-sow-image-default-c67d20f9f743\"\n\t\t\t\n\t\t>\n<div class=\"sow-image-container\">\n\t\t\t<a href=\"https:\/\/www.hejfish.com\/d\/15081-feringasee\"\n\t\t\ttarget=\"_blank\" rel=\"noopener noreferrer\" \t\t>\n\t\t\t<img \n\tsrc=\"https:\/\/www.fischwaid-muenchen.de\/wp-content\/uploads\/2022\/12\/hejfish_kauficon_online_20-150x150.png\" width=\"100\" height=\"100\" sizes=\"(max-width: 100px) 100vw, 100px\" title=\"Tageskarten gibt es hier\" alt=\"\" \t\tclass=\"so-widget-image\"\/>\n\t\t\t<\/a><\/div>\n\n<\/div><\/div><\/div><\/div><div id=\"pg-w675c73f5eecf6-1\"  class=\"panel-grid panel-no-style\" ><div id=\"pgc-w675c73f5eecf6-1-0\"  class=\"panel-grid-cell\" ><div id=\"panel-w675c73f5eecf6-1-0-0\" class=\"so-panel widget widget_sow-editor panel-first-child\" data-index=\"2\" ><div\n\t\t\t\n\t\t\tclass=\"so-widget-sow-editor so-widget-sow-editor-base\"\n\t\t\t\n\t\t>\n<div class=\"siteorigin-widget-tinymce textwidget\">\n\t<p><span style=\"font-family: arial, helvetica, sans-serif; font-size: 14pt;\"><strong>Bestimmungen<\/strong><\/span><\/p>\n<p><span style=\"font-family: arial, helvetica, sans-serif;\">Bestimmungen finden Sie in unserer Gew\u00e4sserordung: <a href=\"https:\/\/www.fischwaid-muenchen.de\/public\/ordnungen\/Gewasserordnung.pdf\" target=\"_blank\" rel=\"noopener\">hier<\/a><\/span><\/p>\n<\/div>\n<\/div><\/div><div id=\"panel-w675c73f5eecf6-1-0-1\" class=\"so-panel widget widget_sow-editor\" data-index=\"3\" ><div\n\t\t\t\n\t\t\tclass=\"so-widget-sow-editor so-widget-sow-editor-base\"\n\t\t\t\n\t\t>\n<div class=\"siteorigin-widget-tinymce textwidget\">\n\t<p><strong><span style=\"font-size: 14pt; font-family: arial, helvetica, sans-serif;\">Beschreibung<br \/>\n<\/span><\/strong><\/p>\n<p><span style=\"font-family: arial, helvetica, sans-serif;\">Der Feringasee hat eine Wasserfl\u00e4che von ca. 32 Hektar und ist an manchen Stellen bis zu 7 Meter tief.<\/span><\/p>\n<p><span style=\"font-family: arial, helvetica, sans-serif;\">Seine Uferfl\u00e4chen, gr\u00f6\u00dftenteils Wiesen, sind aufgrund eines asphaltierten Rundwegs sehr gut begehbar.<\/span><\/p>\n<p><span style=\"font-family: arial, helvetica, sans-serif;\">Mit drei gro\u00dfen Parkpl\u00e4tzen im S\u00fcden und Osten ist der Feringasee f\u00fcr Autofahrer gut erreichbar. Durch das Vorzeigen der Fischereitageskarte ist das Parken an dem Tag kostenlos.<\/span><\/p>\n<p><span style=\"font-family: arial, helvetica, sans-serif;\">Der See bietet viele M\u00f6glichkeiten f\u00fcr Ansitzangler und Spinnfischer. Mit seinen \u00fcberwiegend flachen Uferbereichen bei geringem Baumbestand bietet er - bei wenig Badebetrieb - auch sehr gute M\u00f6glichkeiten f\u00fcr das Fliegenfischen.<\/span><\/p>\n<\/div>\n<\/div><\/div><div id=\"panel-w675c73f5eecf6-1-0-2\" class=\"widget_text so-panel widget widget_custom_html panel-last-child\" data-index=\"4\" ><div class=\"textwidget custom-html-widget\"><iframe loading=\"lazy\" src=\"https:\/\/www.google.com\/maps\/d\/embed?mid=1G9EWc9oA59-yl3258UL-nOMyPbF-UQo&ehbc=2E312F\" width=\"1200\" height=\"520\"><\/iframe><\/div><\/div><\/div><\/div><\/div><\/div><\/div><\/div><\/div><\/div>","protected":false},"excerpt":{"rendered":"<p>Saison: \u00a0\u00a0\u00a0\u00a0\u00a0\u00a0\u00a0\u00a0\u00a0\u00a0\u00a0 1. Januar bis 31. Dezember Boot:\u00a0 \u00a0 \u00a0 \u00a0 \u00a0 \u00a0 \u00a0 \u00a0 \u00a0Die Nutzung von Booten etc. ist gem\u00e4\u00df Art. 18 Absatz 1 Satz 1 BayWG f\u00fcr Jahreskarteninhaber erlaubt. Schleppen ist verboten. Nachtfischen: \u00a0 erlaubt Fischarten: \u00a0\u00a0\u00a0\u00a0\u00a0 Zander, Hecht, Wels (Waller), Regenbogenforelle, Renke (Reinanke, Felchen), Aal, Flussbarsch,&#8230;<\/p>\n<p class=\"continue-reading-button\"> <a class=\"continue-reading-link\" href=\"https:\/\/www.fischwaid-muenchen.de\/?page_id=1810\">weiter<i class=\"crycon-right-dir\"><\/i><\/a><\/p>\n","protected":false},"author":2,"featured_media":0,"parent":42,"menu_order":0,"comment_status":"closed","ping_status":"closed","template":"templates\/template-onecolumn.php","meta":{"footnotes":""},"wf_page_folders":[30],"class_list":["post-1810","page","type-page","status-publish","hentry"],"yoast_head":"<!-- This site is optimized with the Yoast SEO plugin v27.3 - https:\/\/yoast.com\/product\/yoast-seo-wordpress\/ -->\n<title>Feringasee - Fischereiverein Fischwaid M\u00fcnchen e.V.<\/title>\n<meta name=\"robots\" content=\"index, follow, max-snippet:-1, max-image-preview:large, max-video-preview:-1\" \/>\n<link rel=\"canonical\" href=\"https:\/\/www.fischwaid-muenchen.de\/?page_id=1810\" \/>\n<meta property=\"og:locale\" content=\"de_DE\" \/>\n<meta property=\"og:type\" content=\"article\" \/>\n<meta property=\"og:title\" content=\"Feringasee - Fischereiverein Fischwaid M\u00fcnchen e.V.\" \/>\n<meta property=\"og:description\" content=\"Saison: \u00a0\u00a0\u00a0\u00a0\u00a0\u00a0\u00a0\u00a0\u00a0\u00a0\u00a0 1. Januar bis 31. Dezember Boot:\u00a0 \u00a0 \u00a0 \u00a0 \u00a0 \u00a0 \u00a0 \u00a0 \u00a0Die Nutzung von Booten etc. ist gem\u00e4\u00df Art. 18 Absatz 1 Satz 1 BayWG f\u00fcr Jahreskarteninhaber erlaubt. Schleppen ist verboten. Nachtfischen: \u00a0 erlaubt Fischarten: \u00a0\u00a0\u00a0\u00a0\u00a0 Zander, Hecht, Wels (Waller), Regenbogenforelle, Renke (Reinanke, Felchen), Aal, Flussbarsch,... weiter\" \/>\n<meta property=\"og:url\" content=\"https:\/\/www.fischwaid-muenchen.de\/?page_id=1810\" \/>\n<meta property=\"og:site_name\" content=\"Fischereiverein Fischwaid M\u00fcnchen e.V.\" \/>\n<meta property=\"article:publisher\" content=\"https:\/\/www.facebook.com\/Fischereiverein-Fischwaid-Mnchen-eV-175669222446351\" \/>\n<meta property=\"article:modified_time\" content=\"2024-12-13T18:30:59+00:00\" \/>\n<meta property=\"og:image\" content=\"https:\/\/www.fischwaid-muenchen.de\/wp-content\/plugins\/smart-slider-3\/Public\/SmartSlider3\/Widget\/Shadow\/ShadowImage\/Assets\/shadow\/dark.png\" \/>\n<meta name=\"twitter:card\" content=\"summary_large_image\" \/>\n<script type=\"application\/ld+json\" class=\"yoast-schema-graph\">{\"@context\":\"https:\\\/\\\/schema.org\",\"@graph\":[{\"@type\":\"WebPage\",\"@id\":\"https:\\\/\\\/www.fischwaid-muenchen.de\\\/?page_id=1810\",\"url\":\"https:\\\/\\\/www.fischwaid-muenchen.de\\\/?page_id=1810\",\"name\":\"Feringasee - Fischereiverein Fischwaid M\u00fcnchen e.V.\",\"isPartOf\":{\"@id\":\"https:\\\/\\\/www.fischwaid-muenchen.de\\\/#website\"},\"primaryImageOfPage\":{\"@id\":\"https:\\\/\\\/www.fischwaid-muenchen.de\\\/?page_id=1810#primaryimage\"},\"image\":{\"@id\":\"https:\\\/\\\/www.fischwaid-muenchen.de\\\/?page_id=1810#primaryimage\"},\"thumbnailUrl\":\"https:\\\/\\\/www.fischwaid-muenchen.de\\\/wp-content\\\/plugins\\\/smart-slider-3\\\/Public\\\/SmartSlider3\\\/Widget\\\/Shadow\\\/ShadowImage\\\/Assets\\\/shadow\\\/dark.png\",\"datePublished\":\"2023-02-02T08:52:18+00:00\",\"dateModified\":\"2024-12-13T18:30:59+00:00\",\"breadcrumb\":{\"@id\":\"https:\\\/\\\/www.fischwaid-muenchen.de\\\/?page_id=1810#breadcrumb\"},\"inLanguage\":\"de\",\"potentialAction\":[{\"@type\":\"ReadAction\",\"target\":[\"https:\\\/\\\/www.fischwaid-muenchen.de\\\/?page_id=1810\"]}]},{\"@type\":\"ImageObject\",\"inLanguage\":\"de\",\"@id\":\"https:\\\/\\\/www.fischwaid-muenchen.de\\\/?page_id=1810#primaryimage\",\"url\":\"https:\\\/\\\/www.fischwaid-muenchen.de\\\/wp-content\\\/plugins\\\/smart-slider-3\\\/Public\\\/SmartSlider3\\\/Widget\\\/Shadow\\\/ShadowImage\\\/Assets\\\/shadow\\\/dark.png\",\"contentUrl\":\"https:\\\/\\\/www.fischwaid-muenchen.de\\\/wp-content\\\/plugins\\\/smart-slider-3\\\/Public\\\/SmartSlider3\\\/Widget\\\/Shadow\\\/ShadowImage\\\/Assets\\\/shadow\\\/dark.png\"},{\"@type\":\"BreadcrumbList\",\"@id\":\"https:\\\/\\\/www.fischwaid-muenchen.de\\\/?page_id=1810#breadcrumb\",\"itemListElement\":[{\"@type\":\"ListItem\",\"position\":1,\"name\":\"Startseite\",\"item\":\"https:\\\/\\\/www.fischwaid-muenchen.de\\\/\"},{\"@type\":\"ListItem\",\"position\":2,\"name\":\"Gew\u00e4sser\",\"item\":\"https:\\\/\\\/www.fischwaid-muenchen.de\\\/?page_id=42\"},{\"@type\":\"ListItem\",\"position\":3,\"name\":\"Feringasee\"}]},{\"@type\":\"WebSite\",\"@id\":\"https:\\\/\\\/www.fischwaid-muenchen.de\\\/#website\",\"url\":\"https:\\\/\\\/www.fischwaid-muenchen.de\\\/\",\"name\":\"Fischereiverein Fischwaid M\u00fcnchen e.V.\",\"description\":\"\",\"publisher\":{\"@id\":\"https:\\\/\\\/www.fischwaid-muenchen.de\\\/#organization\"},\"potentialAction\":[{\"@type\":\"SearchAction\",\"target\":{\"@type\":\"EntryPoint\",\"urlTemplate\":\"https:\\\/\\\/www.fischwaid-muenchen.de\\\/?s={search_term_string}\"},\"query-input\":{\"@type\":\"PropertyValueSpecification\",\"valueRequired\":true,\"valueName\":\"search_term_string\"}}],\"inLanguage\":\"de\"},{\"@type\":\"Organization\",\"@id\":\"https:\\\/\\\/www.fischwaid-muenchen.de\\\/#organization\",\"name\":\"Fischwaid M\u00fcnchen e.V.\",\"url\":\"https:\\\/\\\/www.fischwaid-muenchen.de\\\/\",\"logo\":{\"@type\":\"ImageObject\",\"inLanguage\":\"de\",\"@id\":\"https:\\\/\\\/www.fischwaid-muenchen.de\\\/#\\\/schema\\\/logo\\\/image\\\/\",\"url\":\"https:\\\/\\\/www.fischwaid-muenchen.de\\\/wp-content\\\/uploads\\\/2021\\\/05\\\/fischwaid-logo.png\",\"contentUrl\":\"https:\\\/\\\/www.fischwaid-muenchen.de\\\/wp-content\\\/uploads\\\/2021\\\/05\\\/fischwaid-logo.png\",\"width\":1000,\"height\":1195,\"caption\":\"Fischwaid M\u00fcnchen e.V.\"},\"image\":{\"@id\":\"https:\\\/\\\/www.fischwaid-muenchen.de\\\/#\\\/schema\\\/logo\\\/image\\\/\"},\"sameAs\":[\"https:\\\/\\\/www.facebook.com\\\/Fischereiverein-Fischwaid-Mnchen-eV-175669222446351\",\"https:\\\/\\\/www.instagram.com\\\/fischwaid_muenchen_ev\\\/?igshid=YmMyMTA2M2Y=\"]}]}<\/script>\n<!-- \/ Yoast SEO plugin. -->","yoast_head_json":{"title":"Feringasee - Fischereiverein Fischwaid M\u00fcnchen e.V.","robots":{"index":"index","follow":"follow","max-snippet":"max-snippet:-1","max-image-preview":"max-image-preview:large","max-video-preview":"max-video-preview:-1"},"canonical":"https:\/\/www.fischwaid-muenchen.de\/?page_id=1810","og_locale":"de_DE","og_type":"article","og_title":"Feringasee - Fischereiverein Fischwaid M\u00fcnchen e.V.","og_description":"Saison: \u00a0\u00a0\u00a0\u00a0\u00a0\u00a0\u00a0\u00a0\u00a0\u00a0\u00a0 1. Januar bis 31. Dezember Boot:\u00a0 \u00a0 \u00a0 \u00a0 \u00a0 \u00a0 \u00a0 \u00a0 \u00a0Die Nutzung von Booten etc. ist gem\u00e4\u00df Art. 18 Absatz 1 Satz 1 BayWG f\u00fcr Jahreskarteninhaber erlaubt. Schleppen ist verboten. Nachtfischen: \u00a0 erlaubt Fischarten: \u00a0\u00a0\u00a0\u00a0\u00a0 Zander, Hecht, Wels (Waller), Regenbogenforelle, Renke (Reinanke, Felchen), Aal, Flussbarsch,... weiter","og_url":"https:\/\/www.fischwaid-muenchen.de\/?page_id=1810","og_site_name":"Fischereiverein Fischwaid M\u00fcnchen e.V.","article_publisher":"https:\/\/www.facebook.com\/Fischereiverein-Fischwaid-Mnchen-eV-175669222446351","article_modified_time":"2024-12-13T18:30:59+00:00","og_image":[{"url":"https:\/\/www.fischwaid-muenchen.de\/wp-content\/plugins\/smart-slider-3\/Public\/SmartSlider3\/Widget\/Shadow\/ShadowImage\/Assets\/shadow\/dark.png","type":"","width":"","height":""}],"twitter_card":"summary_large_image","schema":{"@context":"https:\/\/schema.org","@graph":[{"@type":"WebPage","@id":"https:\/\/www.fischwaid-muenchen.de\/?page_id=1810","url":"https:\/\/www.fischwaid-muenchen.de\/?page_id=1810","name":"Feringasee - Fischereiverein Fischwaid M\u00fcnchen e.V.","isPartOf":{"@id":"https:\/\/www.fischwaid-muenchen.de\/#website"},"primaryImageOfPage":{"@id":"https:\/\/www.fischwaid-muenchen.de\/?page_id=1810#primaryimage"},"image":{"@id":"https:\/\/www.fischwaid-muenchen.de\/?page_id=1810#primaryimage"},"thumbnailUrl":"https:\/\/www.fischwaid-muenchen.de\/wp-content\/plugins\/smart-slider-3\/Public\/SmartSlider3\/Widget\/Shadow\/ShadowImage\/Assets\/shadow\/dark.png","datePublished":"2023-02-02T08:52:18+00:00","dateModified":"2024-12-13T18:30:59+00:00","breadcrumb":{"@id":"https:\/\/www.fischwaid-muenchen.de\/?page_id=1810#breadcrumb"},"inLanguage":"de","potentialAction":[{"@type":"ReadAction","target":["https:\/\/www.fischwaid-muenchen.de\/?page_id=1810"]}]},{"@type":"ImageObject","inLanguage":"de","@id":"https:\/\/www.fischwaid-muenchen.de\/?page_id=1810#primaryimage","url":"https:\/\/www.fischwaid-muenchen.de\/wp-content\/plugins\/smart-slider-3\/Public\/SmartSlider3\/Widget\/Shadow\/ShadowImage\/Assets\/shadow\/dark.png","contentUrl":"https:\/\/www.fischwaid-muenchen.de\/wp-content\/plugins\/smart-slider-3\/Public\/SmartSlider3\/Widget\/Shadow\/ShadowImage\/Assets\/shadow\/dark.png"},{"@type":"BreadcrumbList","@id":"https:\/\/www.fischwaid-muenchen.de\/?page_id=1810#breadcrumb","itemListElement":[{"@type":"ListItem","position":1,"name":"Startseite","item":"https:\/\/www.fischwaid-muenchen.de\/"},{"@type":"ListItem","position":2,"name":"Gew\u00e4sser","item":"https:\/\/www.fischwaid-muenchen.de\/?page_id=42"},{"@type":"ListItem","position":3,"name":"Feringasee"}]},{"@type":"WebSite","@id":"https:\/\/www.fischwaid-muenchen.de\/#website","url":"https:\/\/www.fischwaid-muenchen.de\/","name":"Fischereiverein Fischwaid M\u00fcnchen e.V.","description":"","publisher":{"@id":"https:\/\/www.fischwaid-muenchen.de\/#organization"},"potentialAction":[{"@type":"SearchAction","target":{"@type":"EntryPoint","urlTemplate":"https:\/\/www.fischwaid-muenchen.de\/?s={search_term_string}"},"query-input":{"@type":"PropertyValueSpecification","valueRequired":true,"valueName":"search_term_string"}}],"inLanguage":"de"},{"@type":"Organization","@id":"https:\/\/www.fischwaid-muenchen.de\/#organization","name":"Fischwaid M\u00fcnchen e.V.","url":"https:\/\/www.fischwaid-muenchen.de\/","logo":{"@type":"ImageObject","inLanguage":"de","@id":"https:\/\/www.fischwaid-muenchen.de\/#\/schema\/logo\/image\/","url":"https:\/\/www.fischwaid-muenchen.de\/wp-content\/uploads\/2021\/05\/fischwaid-logo.png","contentUrl":"https:\/\/www.fischwaid-muenchen.de\/wp-content\/uploads\/2021\/05\/fischwaid-logo.png","width":1000,"height":1195,"caption":"Fischwaid M\u00fcnchen e.V."},"image":{"@id":"https:\/\/www.fischwaid-muenchen.de\/#\/schema\/logo\/image\/"},"sameAs":["https:\/\/www.facebook.com\/Fischereiverein-Fischwaid-Mnchen-eV-175669222446351","https:\/\/www.instagram.com\/fischwaid_muenchen_ev\/?igshid=YmMyMTA2M2Y="]}]}},"_links":{"self":[{"href":"https:\/\/www.fischwaid-muenchen.de\/index.php?rest_route=\/wp\/v2\/pages\/1810","targetHints":{"allow":["GET"]}}],"collection":[{"href":"https:\/\/www.fischwaid-muenchen.de\/index.php?rest_route=\/wp\/v2\/pages"}],"about":[{"href":"https:\/\/www.fischwaid-muenchen.de\/index.php?rest_route=\/wp\/v2\/types\/page"}],"author":[{"embeddable":true,"href":"https:\/\/www.fischwaid-muenchen.de\/index.php?rest_route=\/wp\/v2\/users\/2"}],"replies":[{"embeddable":true,"href":"https:\/\/www.fischwaid-muenchen.de\/index.php?rest_route=%2Fwp%2Fv2%2Fcomments&post=1810"}],"version-history":[{"count":0,"href":"https:\/\/www.fischwaid-muenchen.de\/index.php?rest_route=\/wp\/v2\/pages\/1810\/revisions"}],"up":[{"embeddable":true,"href":"https:\/\/www.fischwaid-muenchen.de\/index.php?rest_route=\/wp\/v2\/pages\/42"}],"wp:attachment":[{"href":"https:\/\/www.fischwaid-muenchen.de\/index.php?rest_route=%2Fwp%2Fv2%2Fmedia&parent=1810"}],"wp:term":[{"taxonomy":"wf_page_folders","embeddable":true,"href":"https:\/\/www.fischwaid-muenchen.de\/index.php?rest_route=%2Fwp%2Fv2%2Fwf_page_folders&post=1810"}],"curies":[{"name":"wp","href":"https:\/\/api.w.org\/{rel}","templated":true}]}}