{"id":1360,"date":"2022-08-12T11:31:47","date_gmt":"2022-08-12T09:31:47","guid":{"rendered":"http:\/\/www.fischwaid-muenchen.de\/?page_id=1360"},"modified":"2026-04-09T11:51:23","modified_gmt":"2026-04-09T09:51:23","slug":"neue-mitgliedschaft","status":"publish","type":"page","link":"https:\/\/www.fischwaid-muenchen.de\/?page_id=1360","title":{"rendered":"Neue Mitgliedschaft"},"content":{"rendered":"<div id=\"pl-1360\"  class=\"panel-layout\" ><div id=\"pg-1360-0\"  class=\"panel-grid panel-has-style\" ><div class=\"panel-row-style panel-row-style-for-1360-0\" ><div id=\"pgc-1360-0-0\"  class=\"panel-grid-cell\" ><div id=\"panel-1360-0-0-0\" class=\"so-panel widget widget_sow-editor panel-first-child panel-last-child\" data-index=\"0\" ><div class=\"panel-widget-style panel-widget-style-for-1360-0-0-0\" ><div\n\t\t\t\n\t\t\tclass=\"so-widget-sow-editor so-widget-sow-editor-base\"\n\t\t\t\n\t\t>\n<div class=\"siteorigin-widget-tinymce textwidget\">\n\t<p><span style=\"font-family: arial, helvetica, sans-serif;\">Sollten Sie bei uns Mitglied werden wollen, laden Sie sich bitte den Aufnahmeantrag und die Gew\u00e4sserbestellung herunter.<\/span><\/p>\n<p><span style=\"font-family: arial, helvetica, sans-serif;\">Bitte f\u00fcllen Sie beides aus und schicken Sie die Originale per Post oder werfen diese in unseren Briefkasten.<\/span><br \/>\n<span style=\"font-family: arial, helvetica, sans-serif;\">Ebenso die Datenschutzerkl\u00e4rung (Bestandteil des Aufnahmeantrags) - Unterschrift nicht vergessen.<\/span><\/p>\n<p><span style=\"font-family: arial, helvetica, sans-serif;\">Wir brauchen des Weiteren:<\/span><\/p>\n<p><span style=\"font-family: arial, helvetica, sans-serif;\">- 2 Passbilder<\/span><br \/>\n<span style=\"font-family: arial, helvetica, sans-serif;\">- Eine Kopie des g\u00fcltigen Fischereischeines (beide Seiten)<\/span><\/p>\n<p>&nbsp;<\/p>\n<p><span style=\"font-family: arial, helvetica, sans-serif;\">Nach Erhalt aller Dokumente werden wir uns zeitnah mit Ihnen in Verbindung setzen.<\/span><\/p>\n<p><span style=\"font-family: arial, helvetica, sans-serif;\">Bitte bedenken Sie, dass wir alle ehrenamtlich f\u00fcr den Verein t\u00e4tig sind und nicht t\u00e4glich Neuaufnahmen machen.<\/span><\/p>\n<p><span style=\"font-family: arial, helvetica, sans-serif;\">In der Regel versuchen wir die Neuaufnahmen einmal pro Woche zu bearbeiten.<\/span><\/p>\n<p><span style=\"font-family: arial, helvetica, sans-serif;\">Die Papiere werden dann nach erfolgtem Zahlungseingang verschickt.<\/span><\/p>\n<p>&nbsp;<\/p>\n<p>&nbsp;<\/p>\n<\/div>\n<\/div><\/div><\/div><\/div><div id=\"pgc-1360-0-1\"  class=\"panel-grid-cell\" ><div id=\"panel-1360-0-1-0\" class=\"so-panel widget widget_sow-editor panel-first-child panel-last-child\" data-index=\"1\" ><div class=\"panel-widget-style panel-widget-style-for-1360-0-1-0\" ><div\n\t\t\t\n\t\t\tclass=\"so-widget-sow-editor so-widget-sow-editor-base\"\n\t\t\t\n\t\t>\n<div class=\"siteorigin-widget-tinymce textwidget\">\n\t<p style=\"text-align: right;\"><span style=\"font-family: arial, helvetica, sans-serif;\"><a href=\"https:\/\/www.fischwaid-muenchen.de\/public\/allg_pdfs\/Aufnahmeantrag.pdf\">Aufnahmeantrag<\/a><\/span><\/p>\n<p style=\"text-align: right;\"><span style=\"font-family: arial, helvetica, sans-serif;\"><a href=\"https:\/\/www.fischwaid-muenchen.de\/public\/allg_pdfs\/BestellformularGewaesserNeumitglied.pdf\">Gew\u00e4sserbestellung<\/a><\/span><\/p>\n<p style=\"text-align: right;\"><span style=\"font-family: arial, helvetica, sans-serif;\"><a href=\"https:\/\/angelflix.de\/profiles\/86-fischereiverein-fischwaid-muenchen-ev?tab=membership\">Aufnahme \u00fcber Angelflix<\/a><\/span><\/p>\n<\/div>\n<\/div><\/div><\/div><\/div><\/div><\/div><\/div>","protected":false},"excerpt":{"rendered":"<p>Sollten Sie bei uns Mitglied werden wollen, laden Sie sich bitte den Aufnahmeantrag und die Gew\u00e4sserbestellung herunter. Bitte f\u00fcllen Sie beides aus und schicken Sie die Originale per Post oder werfen diese in unseren Briefkasten. Ebenso die Datenschutzerkl\u00e4rung (Bestandteil des Aufnahmeantrags) &#8211; Unterschrift nicht vergessen. Wir brauchen des Weiteren: -&#8230;<\/p>\n<p class=\"continue-reading-button\"> <a class=\"continue-reading-link\" href=\"https:\/\/www.fischwaid-muenchen.de\/?page_id=1360\">weiter<i class=\"crycon-right-dir\"><\/i><\/a><\/p>\n","protected":false},"author":2,"featured_media":0,"parent":39,"menu_order":0,"comment_status":"closed","ping_status":"closed","template":"","meta":{"footnotes":""},"wf_page_folders":[18],"class_list":["post-1360","page","type-page","status-publish","hentry"],"yoast_head":"<!-- This site is optimized with the Yoast SEO plugin v27.3 - https:\/\/yoast.com\/product\/yoast-seo-wordpress\/ -->\n<title>Neue Mitgliedschaft - Fischereiverein Fischwaid M\u00fcnchen e.V.<\/title>\n<meta name=\"robots\" content=\"index, follow, max-snippet:-1, max-image-preview:large, max-video-preview:-1\" \/>\n<link rel=\"canonical\" href=\"https:\/\/www.fischwaid-muenchen.de\/?page_id=1360\" \/>\n<meta property=\"og:locale\" content=\"de_DE\" \/>\n<meta property=\"og:type\" content=\"article\" \/>\n<meta property=\"og:title\" content=\"Neue Mitgliedschaft - Fischereiverein Fischwaid M\u00fcnchen e.V.\" \/>\n<meta property=\"og:description\" content=\"Sollten Sie bei uns Mitglied werden wollen, laden Sie sich bitte den Aufnahmeantrag und die Gew\u00e4sserbestellung herunter. Bitte f\u00fcllen Sie beides aus und schicken Sie die Originale per Post oder werfen diese in unseren Briefkasten. Ebenso die Datenschutzerkl\u00e4rung (Bestandteil des Aufnahmeantrags) - Unterschrift nicht vergessen. Wir brauchen des Weiteren: -... weiter\" \/>\n<meta property=\"og:url\" content=\"https:\/\/www.fischwaid-muenchen.de\/?page_id=1360\" \/>\n<meta property=\"og:site_name\" content=\"Fischereiverein Fischwaid M\u00fcnchen e.V.\" \/>\n<meta property=\"article:publisher\" content=\"https:\/\/www.facebook.com\/Fischereiverein-Fischwaid-Mnchen-eV-175669222446351\" \/>\n<meta property=\"article:modified_time\" content=\"2026-04-09T09:51:23+00:00\" \/>\n<meta name=\"twitter:card\" content=\"summary_large_image\" \/>\n<script type=\"application\/ld+json\" class=\"yoast-schema-graph\">{\"@context\":\"https:\\\/\\\/schema.org\",\"@graph\":[{\"@type\":\"WebPage\",\"@id\":\"https:\\\/\\\/www.fischwaid-muenchen.de\\\/?page_id=1360\",\"url\":\"https:\\\/\\\/www.fischwaid-muenchen.de\\\/?page_id=1360\",\"name\":\"Neue Mitgliedschaft - Fischereiverein Fischwaid M\u00fcnchen e.V.\",\"isPartOf\":{\"@id\":\"https:\\\/\\\/www.fischwaid-muenchen.de\\\/#website\"},\"datePublished\":\"2022-08-12T09:31:47+00:00\",\"dateModified\":\"2026-04-09T09:51:23+00:00\",\"breadcrumb\":{\"@id\":\"https:\\\/\\\/www.fischwaid-muenchen.de\\\/?page_id=1360#breadcrumb\"},\"inLanguage\":\"de\",\"potentialAction\":[{\"@type\":\"ReadAction\",\"target\":[\"https:\\\/\\\/www.fischwaid-muenchen.de\\\/?page_id=1360\"]}]},{\"@type\":\"BreadcrumbList\",\"@id\":\"https:\\\/\\\/www.fischwaid-muenchen.de\\\/?page_id=1360#breadcrumb\",\"itemListElement\":[{\"@type\":\"ListItem\",\"position\":1,\"name\":\"Startseite\",\"item\":\"https:\\\/\\\/www.fischwaid-muenchen.de\\\/\"},{\"@type\":\"ListItem\",\"position\":2,\"name\":\"Verein\",\"item\":\"https:\\\/\\\/www.fischwaid-muenchen.de\\\/?page_id=39\"},{\"@type\":\"ListItem\",\"position\":3,\"name\":\"Neue Mitgliedschaft\"}]},{\"@type\":\"WebSite\",\"@id\":\"https:\\\/\\\/www.fischwaid-muenchen.de\\\/#website\",\"url\":\"https:\\\/\\\/www.fischwaid-muenchen.de\\\/\",\"name\":\"Fischereiverein Fischwaid M\u00fcnchen e.V.\",\"description\":\"\",\"publisher\":{\"@id\":\"https:\\\/\\\/www.fischwaid-muenchen.de\\\/#organization\"},\"potentialAction\":[{\"@type\":\"SearchAction\",\"target\":{\"@type\":\"EntryPoint\",\"urlTemplate\":\"https:\\\/\\\/www.fischwaid-muenchen.de\\\/?s={search_term_string}\"},\"query-input\":{\"@type\":\"PropertyValueSpecification\",\"valueRequired\":true,\"valueName\":\"search_term_string\"}}],\"inLanguage\":\"de\"},{\"@type\":\"Organization\",\"@id\":\"https:\\\/\\\/www.fischwaid-muenchen.de\\\/#organization\",\"name\":\"Fischwaid M\u00fcnchen e.V.\",\"url\":\"https:\\\/\\\/www.fischwaid-muenchen.de\\\/\",\"logo\":{\"@type\":\"ImageObject\",\"inLanguage\":\"de\",\"@id\":\"https:\\\/\\\/www.fischwaid-muenchen.de\\\/#\\\/schema\\\/logo\\\/image\\\/\",\"url\":\"https:\\\/\\\/www.fischwaid-muenchen.de\\\/wp-content\\\/uploads\\\/2021\\\/05\\\/fischwaid-logo.png\",\"contentUrl\":\"https:\\\/\\\/www.fischwaid-muenchen.de\\\/wp-content\\\/uploads\\\/2021\\\/05\\\/fischwaid-logo.png\",\"width\":1000,\"height\":1195,\"caption\":\"Fischwaid M\u00fcnchen e.V.\"},\"image\":{\"@id\":\"https:\\\/\\\/www.fischwaid-muenchen.de\\\/#\\\/schema\\\/logo\\\/image\\\/\"},\"sameAs\":[\"https:\\\/\\\/www.facebook.com\\\/Fischereiverein-Fischwaid-Mnchen-eV-175669222446351\",\"https:\\\/\\\/www.instagram.com\\\/fischwaid_muenchen_ev\\\/?igshid=YmMyMTA2M2Y=\"]}]}<\/script>\n<!-- \/ Yoast SEO plugin. -->","yoast_head_json":{"title":"Neue Mitgliedschaft - Fischereiverein Fischwaid M\u00fcnchen e.V.","robots":{"index":"index","follow":"follow","max-snippet":"max-snippet:-1","max-image-preview":"max-image-preview:large","max-video-preview":"max-video-preview:-1"},"canonical":"https:\/\/www.fischwaid-muenchen.de\/?page_id=1360","og_locale":"de_DE","og_type":"article","og_title":"Neue Mitgliedschaft - Fischereiverein Fischwaid M\u00fcnchen e.V.","og_description":"Sollten Sie bei uns Mitglied werden wollen, laden Sie sich bitte den Aufnahmeantrag und die Gew\u00e4sserbestellung herunter. Bitte f\u00fcllen Sie beides aus und schicken Sie die Originale per Post oder werfen diese in unseren Briefkasten. Ebenso die Datenschutzerkl\u00e4rung (Bestandteil des Aufnahmeantrags) - Unterschrift nicht vergessen. Wir brauchen des Weiteren: -... weiter","og_url":"https:\/\/www.fischwaid-muenchen.de\/?page_id=1360","og_site_name":"Fischereiverein Fischwaid M\u00fcnchen e.V.","article_publisher":"https:\/\/www.facebook.com\/Fischereiverein-Fischwaid-Mnchen-eV-175669222446351","article_modified_time":"2026-04-09T09:51:23+00:00","twitter_card":"summary_large_image","schema":{"@context":"https:\/\/schema.org","@graph":[{"@type":"WebPage","@id":"https:\/\/www.fischwaid-muenchen.de\/?page_id=1360","url":"https:\/\/www.fischwaid-muenchen.de\/?page_id=1360","name":"Neue Mitgliedschaft - Fischereiverein Fischwaid M\u00fcnchen e.V.","isPartOf":{"@id":"https:\/\/www.fischwaid-muenchen.de\/#website"},"datePublished":"2022-08-12T09:31:47+00:00","dateModified":"2026-04-09T09:51:23+00:00","breadcrumb":{"@id":"https:\/\/www.fischwaid-muenchen.de\/?page_id=1360#breadcrumb"},"inLanguage":"de","potentialAction":[{"@type":"ReadAction","target":["https:\/\/www.fischwaid-muenchen.de\/?page_id=1360"]}]},{"@type":"BreadcrumbList","@id":"https:\/\/www.fischwaid-muenchen.de\/?page_id=1360#breadcrumb","itemListElement":[{"@type":"ListItem","position":1,"name":"Startseite","item":"https:\/\/www.fischwaid-muenchen.de\/"},{"@type":"ListItem","position":2,"name":"Verein","item":"https:\/\/www.fischwaid-muenchen.de\/?page_id=39"},{"@type":"ListItem","position":3,"name":"Neue Mitgliedschaft"}]},{"@type":"WebSite","@id":"https:\/\/www.fischwaid-muenchen.de\/#website","url":"https:\/\/www.fischwaid-muenchen.de\/","name":"Fischereiverein Fischwaid M\u00fcnchen e.V.","description":"","publisher":{"@id":"https:\/\/www.fischwaid-muenchen.de\/#organization"},"potentialAction":[{"@type":"SearchAction","target":{"@type":"EntryPoint","urlTemplate":"https:\/\/www.fischwaid-muenchen.de\/?s={search_term_string}"},"query-input":{"@type":"PropertyValueSpecification","valueRequired":true,"valueName":"search_term_string"}}],"inLanguage":"de"},{"@type":"Organization","@id":"https:\/\/www.fischwaid-muenchen.de\/#organization","name":"Fischwaid M\u00fcnchen e.V.","url":"https:\/\/www.fischwaid-muenchen.de\/","logo":{"@type":"ImageObject","inLanguage":"de","@id":"https:\/\/www.fischwaid-muenchen.de\/#\/schema\/logo\/image\/","url":"https:\/\/www.fischwaid-muenchen.de\/wp-content\/uploads\/2021\/05\/fischwaid-logo.png","contentUrl":"https:\/\/www.fischwaid-muenchen.de\/wp-content\/uploads\/2021\/05\/fischwaid-logo.png","width":1000,"height":1195,"caption":"Fischwaid M\u00fcnchen e.V."},"image":{"@id":"https:\/\/www.fischwaid-muenchen.de\/#\/schema\/logo\/image\/"},"sameAs":["https:\/\/www.facebook.com\/Fischereiverein-Fischwaid-Mnchen-eV-175669222446351","https:\/\/www.instagram.com\/fischwaid_muenchen_ev\/?igshid=YmMyMTA2M2Y="]}]}},"_links":{"self":[{"href":"https:\/\/www.fischwaid-muenchen.de\/index.php?rest_route=\/wp\/v2\/pages\/1360","targetHints":{"allow":["GET"]}}],"collection":[{"href":"https:\/\/www.fischwaid-muenchen.de\/index.php?rest_route=\/wp\/v2\/pages"}],"about":[{"href":"https:\/\/www.fischwaid-muenchen.de\/index.php?rest_route=\/wp\/v2\/types\/page"}],"author":[{"embeddable":true,"href":"https:\/\/www.fischwaid-muenchen.de\/index.php?rest_route=\/wp\/v2\/users\/2"}],"replies":[{"embeddable":true,"href":"https:\/\/www.fischwaid-muenchen.de\/index.php?rest_route=%2Fwp%2Fv2%2Fcomments&post=1360"}],"version-history":[{"count":1,"href":"https:\/\/www.fischwaid-muenchen.de\/index.php?rest_route=\/wp\/v2\/pages\/1360\/revisions"}],"predecessor-version":[{"id":5018,"href":"https:\/\/www.fischwaid-muenchen.de\/index.php?rest_route=\/wp\/v2\/pages\/1360\/revisions\/5018"}],"up":[{"embeddable":true,"href":"https:\/\/www.fischwaid-muenchen.de\/index.php?rest_route=\/wp\/v2\/pages\/39"}],"wp:attachment":[{"href":"https:\/\/www.fischwaid-muenchen.de\/index.php?rest_route=%2Fwp%2Fv2%2Fmedia&parent=1360"}],"wp:term":[{"taxonomy":"wf_page_folders","embeddable":true,"href":"https:\/\/www.fischwaid-muenchen.de\/index.php?rest_route=%2Fwp%2Fv2%2Fwf_page_folders&post=1360"}],"curies":[{"name":"wp","href":"https:\/\/api.w.org\/{rel}","templated":true}]}}