{"id":1305,"date":"2022-08-08T09:36:38","date_gmt":"2022-08-08T07:36:38","guid":{"rendered":"http:\/\/www.fischwaid-muenchen.de\/?page_id=1305"},"modified":"2024-02-05T17:15:02","modified_gmt":"2024-02-05T15:15:02","slug":"gewaesserbetreuer","status":"publish","type":"page","link":"https:\/\/www.fischwaid-muenchen.de\/?page_id=1305","title":{"rendered":"Gew\u00e4sserbetreuer"},"content":{"rendered":"<div id=\"pl-1305\"  class=\"panel-layout\" ><div id=\"pg-1305-0\"  class=\"panel-grid panel-no-style\" ><div id=\"pgc-1305-0-0\"  class=\"panel-grid-cell\" ><div id=\"panel-1305-0-0-0\" class=\"so-panel widget widget_sow-editor panel-first-child panel-last-child\" data-index=\"0\" ><div\n\t\t\t\n\t\t\tclass=\"so-widget-sow-editor so-widget-sow-editor-base\"\n\t\t\t\n\t\t>\n<div class=\"siteorigin-widget-tinymce textwidget\">\n\t\n<table id=\"tablepress-2\" class=\"tablepress tablepress-id-2\">\n<thead>\n<tr class=\"row-1\">\n\t<th class=\"column-1\">Gew\u00e4sser<\/th><th class=\"column-2\">Betreuer<\/th><th class=\"column-3\">Bild<\/th><th class=\"column-4\">Erreichbarkeit<\/th><th class=\"column-5\">Gew\u00e4sserart<\/th>\n<\/tr>\n<\/thead>\n<tbody class=\"row-striping row-hover\">\n<tr class=\"row-2\">\n\t<td class=\"column-1\">Feringasee<\/td><td class=\"column-2\">F\u00fctterer, Michael<\/td><td class=\"column-3\"><img loading=\"lazy\" decoding=\"async\" src=\"https:\/\/www.fischwaid-muenchen.de\/wp-content\/uploads\/2024\/02\/Fuetterer_Michael-225x300.jpeg\" alt=\"\" width=\"230\" height=\"300\" class=\"aligncenter size-medium wp-image-3884\" \/><\/td><td class=\"column-4\">0176 \/ 64008114<\/td><td class=\"column-5\">Angelgew\u00e4sser <br \/>\n= Angeln erlaubt<\/td>\n<\/tr>\n<tr class=\"row-3\">\n\t<td class=\"column-1\">Hollerner See<\/td><td class=\"column-2\">Otto, Mathias<\/td><td class=\"column-3\"><img loading=\"lazy\" decoding=\"async\" src=\"https:\/\/www.fischwaid-muenchen.de\/wp-content\/uploads\/2024\/07\/Otto_Matthias.jpg\" alt=\"\" width=\"217\" height=\"300\" class=\"aligncenter size-medium wp-image-3770\" \/><\/td><td class=\"column-4\">0152 \/ 53547747<\/td><td class=\"column-5\">Angelgew\u00e4sser <br \/>\n= Angeln erlaubt<\/td>\n<\/tr>\n<tr class=\"row-4\">\n\t<td class=\"column-1\">Scheyern<\/td><td class=\"column-2\">Jordan, Tobias<\/td><td class=\"column-3\"><img loading=\"lazy\" decoding=\"async\" src=\"https:\/\/www.fischwaid-muenchen.de\/wp-content\/uploads\/2024\/07\/Jordan_Tobias.jpg\" alt=\"\" width=\"230\" height=\"300\" class=\"aligncenter size-medium wp-image-3881\" \/><br \/>\n<\/td><td class=\"column-4\">0176 \/ 69678804<\/td><td class=\"column-5\">Angelgew\u00e4sser <br \/>\n= Angeln erlaubt<\/td>\n<\/tr>\n<tr class=\"row-5\">\n\t<td class=\"column-1\">Speichersee<\/td><td class=\"column-2\">Schwarzbauer, Manfred<\/td><td class=\"column-3\"><img loading=\"lazy\" decoding=\"async\" src=\"https:\/\/www.fischwaid-muenchen.de\/wp-content\/uploads\/2025\/04\/Manfred_Gewaesserbetreuer-300x300.jpg\" alt=\"\" width=\"230\" height=\"300\" class=\"alignnone size-medium wp-image-4747\" \/><br \/>\n<\/td><td class=\"column-4\">0173 \/ 2163651<\/td><td class=\"column-5\">Angelgew\u00e4sser <br \/>\n= Angeln erlaubt<\/td>\n<\/tr>\n<tr class=\"row-6\">\n\t<td class=\"column-1\">Waldsee<\/td><td class=\"column-2\">Fritsch, Bj\u00f6rn<br \/>\n<\/td><td class=\"column-3\"><img loading=\"lazy\" decoding=\"async\" src=\"https:\/\/www.fischwaid-muenchen.de\/wp-content\/uploads\/2024\/02\/Fritsch_Bjoern-218x300.jpg\" alt=\"\" width=\"218\" height=\"300\" class=\"aligncenter size-medium wp-image-3881\" srcset=\"https:\/\/www.fischwaid-muenchen.de\/wp-content\/uploads\/2024\/02\/Fritsch_Bjoern-218x300.jpg 218w, https:\/\/www.fischwaid-muenchen.de\/wp-content\/uploads\/2024\/02\/Fritsch_Bjoern-109x150.jpg 109w, https:\/\/www.fischwaid-muenchen.de\/wp-content\/uploads\/2024\/02\/Fritsch_Bjoern.jpg 229w\" sizes=\"auto, (max-width: 218px) 100vw, 218px\" \/><\/td><td class=\"column-4\">0179 \/ 9953232<\/td><td class=\"column-5\">Angelgew\u00e4sser <br \/>\n= Angeln erlaubt<\/td>\n<\/tr>\n<tr class=\"row-7\">\n\t<td class=\"column-1\">Wieling<\/td><td class=\"column-2\">Deisler, Karl<\/td><td class=\"column-3\"><img loading=\"lazy\" decoding=\"async\" src=\"https:\/\/www.fischwaid-muenchen.de\/wp-content\/uploads\/2024\/07\/Deissler_Karl.jpg\" alt=\"\" width=\"230\" height=\"300\" class=\"aligncenter size-medium wp-image-3884\" \/><\/td><td class=\"column-4\">0177 \/ 4539836<\/td><td class=\"column-5\">Angelgew\u00e4sser <br \/>\n= Angeln erlaubt<\/td>\n<\/tr>\n<tr class=\"row-8\">\n\t<td class=\"column-1\">Goldach II<\/td><td class=\"column-2\">Sellmaier, Martin<\/td><td class=\"column-3\"><img loading=\"lazy\" decoding=\"async\" src=\"https:\/\/www.fischwaid-muenchen.de\/wp-content\/uploads\/2024\/02\/Sellmaier_Martin-230x300.jpg\" alt=\"\" width=\"230\" height=\"300\" class=\"aligncenter size-medium wp-image-3772\" srcset=\"https:\/\/www.fischwaid-muenchen.de\/wp-content\/uploads\/2024\/02\/Sellmaier_Martin-230x300.jpg 230w, https:\/\/www.fischwaid-muenchen.de\/wp-content\/uploads\/2024\/02\/Sellmaier_Martin-115x150.jpg 115w, https:\/\/www.fischwaid-muenchen.de\/wp-content\/uploads\/2024\/02\/Sellmaier_Martin.jpg 441w\" sizes=\"auto, (max-width: 230px) 100vw, 230px\" \/><\/td><td class=\"column-4\">0163 \/ 7820190<\/td><td class=\"column-5\">Angelgew\u00e4sser <br \/>\n= Angeln erlaubt<\/td>\n<\/tr>\n<tr class=\"row-9\">\n\t<td class=\"column-1\">Ilm<\/td><td class=\"column-2\">Brucklacher, Andreas<\/td><td class=\"column-3\"><img loading=\"lazy\" decoding=\"async\" src=\"https:\/\/www.fischwaid-muenchen.de\/wp-content\/uploads\/2023\/02\/Andreas_Brucklacher-235x300.jpg\" alt=\"\" width=\"230\" height=\"300\" class=\"aligncenter size-medium wp-image-2463\" \/><\/td><td class=\"column-4\">0157 \/ 32033958<\/td><td class=\"column-5\">Angelgew\u00e4sser <br \/>\n= Angeln erlaubt<\/td>\n<\/tr>\n<tr class=\"row-10\">\n\t<td class=\"column-1\">Nasenbach<\/td><td class=\"column-2\">Sellmaier, Martin<\/td><td class=\"column-3\"><img loading=\"lazy\" decoding=\"async\" src=\"https:\/\/www.fischwaid-muenchen.de\/wp-content\/uploads\/2024\/02\/Sellmaier_Martin-230x300.jpg\" alt=\"\" width=\"230\" height=\"300\" class=\"aligncenter size-medium wp-image-3772\" srcset=\"https:\/\/www.fischwaid-muenchen.de\/wp-content\/uploads\/2024\/02\/Sellmaier_Martin-230x300.jpg 230w, https:\/\/www.fischwaid-muenchen.de\/wp-content\/uploads\/2024\/02\/Sellmaier_Martin-115x150.jpg 115w, https:\/\/www.fischwaid-muenchen.de\/wp-content\/uploads\/2024\/02\/Sellmaier_Martin.jpg 441w\" sizes=\"auto, (max-width: 230px) 100vw, 230px\" \/><\/td><td class=\"column-4\">0163 \/ 7820190<\/td><td class=\"column-5\">Angelgew\u00e4sser <br \/>\n= Angeln erlaubt<\/td>\n<\/tr>\n<tr class=\"row-11\">\n\t<td class=\"column-1\">Vils<\/td><td class=\"column-2\">Haber, Rudi<br \/>\nHauer, Maya<\/td><td class=\"column-3\"><img loading=\"lazy\" decoding=\"async\" src=\"https:\/\/www.fischwaid-muenchen.de\/wp-content\/uploads\/2024\/02\/Haber_Rudi-229x300.jpg\" alt=\"\" width=\"230\" height=\"300\" class=\"aligncenter size-medium wp-image-3768\" srcset=\"https:\/\/www.fischwaid-muenchen.de\/wp-content\/uploads\/2024\/02\/Haber_Rudi-229x300.jpg 229w, https:\/\/www.fischwaid-muenchen.de\/wp-content\/uploads\/2024\/02\/Haber_Rudi-115x150.jpg 115w, https:\/\/www.fischwaid-muenchen.de\/wp-content\/uploads\/2024\/02\/Haber_Rudi.jpg 308w\" sizes=\"auto, (max-width: 230px) 100vw, 230px\" \/><br \/>\n<img loading=\"lazy\" decoding=\"async\" src=\"https:\/\/www.fischwaid-muenchen.de\/wp-content\/uploads\/2026\/03\/Hauer_Maya.jpg\" alt=\"\" width=\"230\" height=\"300\" class=\"aligncenter size-medium wp-image-3768\" \/><\/td><td class=\"column-4\">0157 \/ 76800462<br \/>\n<\/td><td class=\"column-5\">Angelgew\u00e4sser <br \/>\n= Angeln erlaubt<\/td>\n<\/tr>\n<tr class=\"row-12\">\n\t<td class=\"column-1\">BMW-Sickergraben<br \/>\nOstparksee<br \/>\nHachingerbach<\/td><td class=\"column-2\">Weikert, Roman<\/td><td class=\"column-3\"><img loading=\"lazy\" decoding=\"async\" src=\"https:\/\/www.fischwaid-muenchen.de\/wp-content\/uploads\/2024\/05\/WeikertRoman.jpg\" alt=\"\" width=\"230\" height=\"300\" class=\"aligncenter size-medium wp-image-3768\" \/><\/td><td class=\"column-4\">0152 \/ 34007566<\/td><td class=\"column-5\">Aufzuchtgew\u00e4sser <br \/>\n= Angeln verboten<\/td>\n<\/tr>\n<\/tbody>\n<\/table>\n<!-- #tablepress-2 from cache -->\n<\/div>\n<\/div><\/div><\/div><\/div><\/div>","protected":false},"excerpt":{"rendered":"<p>Gew\u00e4sserBetreuerBildErreichbarkeitGew\u00e4sserart FeringaseeF\u00fctterer, Michael0176 \/ 64008114Angelgew\u00e4sser = Angeln erlaubt Hollerner SeeOtto, Mathias0152 \/ 53547747Angelgew\u00e4sser = Angeln erlaubt ScheyernJordan, Tobias 0176 \/ 69678804Angelgew\u00e4sser = Angeln erlaubt SpeicherseeSchwarzbauer, Manfred 0173 \/ 2163651Angelgew\u00e4sser = Angeln erlaubt WaldseeFritsch, Bj\u00f6rn 0179 \/ 9953232Angelgew\u00e4sser = Angeln erlaubt WielingDeisler, Karl0177 \/ 4539836Angelgew\u00e4sser = Angeln erlaubt Goldach IISellmaier, Martin0163&#8230;<\/p>\n<p class=\"continue-reading-button\"> <a class=\"continue-reading-link\" href=\"https:\/\/www.fischwaid-muenchen.de\/?page_id=1305\">weiter<i class=\"crycon-right-dir\"><\/i><\/a><\/p>\n","protected":false},"author":2,"featured_media":0,"parent":39,"menu_order":0,"comment_status":"closed","ping_status":"closed","template":"templates\/template-onecolumn.php","meta":{"footnotes":""},"wf_page_folders":[18],"class_list":["post-1305","page","type-page","status-publish","hentry"],"yoast_head":"<!-- This site is optimized with the Yoast SEO plugin v27.3 - https:\/\/yoast.com\/product\/yoast-seo-wordpress\/ -->\n<title>Gew\u00e4sserbetreuer - Fischereiverein Fischwaid M\u00fcnchen e.V.<\/title>\n<meta name=\"robots\" content=\"index, follow, max-snippet:-1, max-image-preview:large, max-video-preview:-1\" \/>\n<link rel=\"canonical\" href=\"https:\/\/www.fischwaid-muenchen.de\/?page_id=1305\" \/>\n<meta property=\"og:locale\" content=\"de_DE\" \/>\n<meta property=\"og:type\" content=\"article\" \/>\n<meta property=\"og:title\" content=\"Gew\u00e4sserbetreuer - Fischereiverein Fischwaid M\u00fcnchen e.V.\" \/>\n<meta property=\"og:description\" content=\"Gew\u00e4sserBetreuerBildErreichbarkeitGew\u00e4sserart FeringaseeF\u00fctterer, Michael0176 \/ 64008114Angelgew\u00e4sser = Angeln erlaubt Hollerner SeeOtto, Mathias0152 \/ 53547747Angelgew\u00e4sser = Angeln erlaubt ScheyernJordan, Tobias 0176 \/ 69678804Angelgew\u00e4sser = Angeln erlaubt SpeicherseeSchwarzbauer, Manfred 0173 \/ 2163651Angelgew\u00e4sser = Angeln erlaubt WaldseeFritsch, Bj\u00f6rn 0179 \/ 9953232Angelgew\u00e4sser = Angeln erlaubt WielingDeisler, Karl0177 \/ 4539836Angelgew\u00e4sser = Angeln erlaubt Goldach IISellmaier, Martin0163... weiter\" \/>\n<meta property=\"og:url\" content=\"https:\/\/www.fischwaid-muenchen.de\/?page_id=1305\" \/>\n<meta property=\"og:site_name\" content=\"Fischereiverein Fischwaid M\u00fcnchen e.V.\" \/>\n<meta property=\"article:publisher\" content=\"https:\/\/www.facebook.com\/Fischereiverein-Fischwaid-Mnchen-eV-175669222446351\" \/>\n<meta property=\"article:modified_time\" content=\"2024-02-05T15:15:02+00:00\" \/>\n<meta name=\"twitter:card\" content=\"summary_large_image\" \/>\n<script type=\"application\/ld+json\" class=\"yoast-schema-graph\">{\"@context\":\"https:\\\/\\\/schema.org\",\"@graph\":[{\"@type\":\"WebPage\",\"@id\":\"https:\\\/\\\/www.fischwaid-muenchen.de\\\/?page_id=1305\",\"url\":\"https:\\\/\\\/www.fischwaid-muenchen.de\\\/?page_id=1305\",\"name\":\"Gew\u00e4sserbetreuer - Fischereiverein Fischwaid M\u00fcnchen e.V.\",\"isPartOf\":{\"@id\":\"https:\\\/\\\/www.fischwaid-muenchen.de\\\/#website\"},\"datePublished\":\"2022-08-08T07:36:38+00:00\",\"dateModified\":\"2024-02-05T15:15:02+00:00\",\"breadcrumb\":{\"@id\":\"https:\\\/\\\/www.fischwaid-muenchen.de\\\/?page_id=1305#breadcrumb\"},\"inLanguage\":\"de\",\"potentialAction\":[{\"@type\":\"ReadAction\",\"target\":[\"https:\\\/\\\/www.fischwaid-muenchen.de\\\/?page_id=1305\"]}]},{\"@type\":\"BreadcrumbList\",\"@id\":\"https:\\\/\\\/www.fischwaid-muenchen.de\\\/?page_id=1305#breadcrumb\",\"itemListElement\":[{\"@type\":\"ListItem\",\"position\":1,\"name\":\"Startseite\",\"item\":\"https:\\\/\\\/www.fischwaid-muenchen.de\\\/\"},{\"@type\":\"ListItem\",\"position\":2,\"name\":\"Verein\",\"item\":\"https:\\\/\\\/www.fischwaid-muenchen.de\\\/?page_id=39\"},{\"@type\":\"ListItem\",\"position\":3,\"name\":\"Gew\u00e4sserbetreuer\"}]},{\"@type\":\"WebSite\",\"@id\":\"https:\\\/\\\/www.fischwaid-muenchen.de\\\/#website\",\"url\":\"https:\\\/\\\/www.fischwaid-muenchen.de\\\/\",\"name\":\"Fischereiverein Fischwaid M\u00fcnchen e.V.\",\"description\":\"\",\"publisher\":{\"@id\":\"https:\\\/\\\/www.fischwaid-muenchen.de\\\/#organization\"},\"potentialAction\":[{\"@type\":\"SearchAction\",\"target\":{\"@type\":\"EntryPoint\",\"urlTemplate\":\"https:\\\/\\\/www.fischwaid-muenchen.de\\\/?s={search_term_string}\"},\"query-input\":{\"@type\":\"PropertyValueSpecification\",\"valueRequired\":true,\"valueName\":\"search_term_string\"}}],\"inLanguage\":\"de\"},{\"@type\":\"Organization\",\"@id\":\"https:\\\/\\\/www.fischwaid-muenchen.de\\\/#organization\",\"name\":\"Fischwaid M\u00fcnchen e.V.\",\"url\":\"https:\\\/\\\/www.fischwaid-muenchen.de\\\/\",\"logo\":{\"@type\":\"ImageObject\",\"inLanguage\":\"de\",\"@id\":\"https:\\\/\\\/www.fischwaid-muenchen.de\\\/#\\\/schema\\\/logo\\\/image\\\/\",\"url\":\"https:\\\/\\\/www.fischwaid-muenchen.de\\\/wp-content\\\/uploads\\\/2021\\\/05\\\/fischwaid-logo.png\",\"contentUrl\":\"https:\\\/\\\/www.fischwaid-muenchen.de\\\/wp-content\\\/uploads\\\/2021\\\/05\\\/fischwaid-logo.png\",\"width\":1000,\"height\":1195,\"caption\":\"Fischwaid M\u00fcnchen e.V.\"},\"image\":{\"@id\":\"https:\\\/\\\/www.fischwaid-muenchen.de\\\/#\\\/schema\\\/logo\\\/image\\\/\"},\"sameAs\":[\"https:\\\/\\\/www.facebook.com\\\/Fischereiverein-Fischwaid-Mnchen-eV-175669222446351\",\"https:\\\/\\\/www.instagram.com\\\/fischwaid_muenchen_ev\\\/?igshid=YmMyMTA2M2Y=\"]}]}<\/script>\n<!-- \/ Yoast SEO plugin. -->","yoast_head_json":{"title":"Gew\u00e4sserbetreuer - Fischereiverein Fischwaid M\u00fcnchen e.V.","robots":{"index":"index","follow":"follow","max-snippet":"max-snippet:-1","max-image-preview":"max-image-preview:large","max-video-preview":"max-video-preview:-1"},"canonical":"https:\/\/www.fischwaid-muenchen.de\/?page_id=1305","og_locale":"de_DE","og_type":"article","og_title":"Gew\u00e4sserbetreuer - Fischereiverein Fischwaid M\u00fcnchen e.V.","og_description":"Gew\u00e4sserBetreuerBildErreichbarkeitGew\u00e4sserart FeringaseeF\u00fctterer, Michael0176 \/ 64008114Angelgew\u00e4sser = Angeln erlaubt Hollerner SeeOtto, Mathias0152 \/ 53547747Angelgew\u00e4sser = Angeln erlaubt ScheyernJordan, Tobias 0176 \/ 69678804Angelgew\u00e4sser = Angeln erlaubt SpeicherseeSchwarzbauer, Manfred 0173 \/ 2163651Angelgew\u00e4sser = Angeln erlaubt WaldseeFritsch, Bj\u00f6rn 0179 \/ 9953232Angelgew\u00e4sser = Angeln erlaubt WielingDeisler, Karl0177 \/ 4539836Angelgew\u00e4sser = Angeln erlaubt Goldach IISellmaier, Martin0163... weiter","og_url":"https:\/\/www.fischwaid-muenchen.de\/?page_id=1305","og_site_name":"Fischereiverein Fischwaid M\u00fcnchen e.V.","article_publisher":"https:\/\/www.facebook.com\/Fischereiverein-Fischwaid-Mnchen-eV-175669222446351","article_modified_time":"2024-02-05T15:15:02+00:00","twitter_card":"summary_large_image","schema":{"@context":"https:\/\/schema.org","@graph":[{"@type":"WebPage","@id":"https:\/\/www.fischwaid-muenchen.de\/?page_id=1305","url":"https:\/\/www.fischwaid-muenchen.de\/?page_id=1305","name":"Gew\u00e4sserbetreuer - Fischereiverein Fischwaid M\u00fcnchen e.V.","isPartOf":{"@id":"https:\/\/www.fischwaid-muenchen.de\/#website"},"datePublished":"2022-08-08T07:36:38+00:00","dateModified":"2024-02-05T15:15:02+00:00","breadcrumb":{"@id":"https:\/\/www.fischwaid-muenchen.de\/?page_id=1305#breadcrumb"},"inLanguage":"de","potentialAction":[{"@type":"ReadAction","target":["https:\/\/www.fischwaid-muenchen.de\/?page_id=1305"]}]},{"@type":"BreadcrumbList","@id":"https:\/\/www.fischwaid-muenchen.de\/?page_id=1305#breadcrumb","itemListElement":[{"@type":"ListItem","position":1,"name":"Startseite","item":"https:\/\/www.fischwaid-muenchen.de\/"},{"@type":"ListItem","position":2,"name":"Verein","item":"https:\/\/www.fischwaid-muenchen.de\/?page_id=39"},{"@type":"ListItem","position":3,"name":"Gew\u00e4sserbetreuer"}]},{"@type":"WebSite","@id":"https:\/\/www.fischwaid-muenchen.de\/#website","url":"https:\/\/www.fischwaid-muenchen.de\/","name":"Fischereiverein Fischwaid M\u00fcnchen e.V.","description":"","publisher":{"@id":"https:\/\/www.fischwaid-muenchen.de\/#organization"},"potentialAction":[{"@type":"SearchAction","target":{"@type":"EntryPoint","urlTemplate":"https:\/\/www.fischwaid-muenchen.de\/?s={search_term_string}"},"query-input":{"@type":"PropertyValueSpecification","valueRequired":true,"valueName":"search_term_string"}}],"inLanguage":"de"},{"@type":"Organization","@id":"https:\/\/www.fischwaid-muenchen.de\/#organization","name":"Fischwaid M\u00fcnchen e.V.","url":"https:\/\/www.fischwaid-muenchen.de\/","logo":{"@type":"ImageObject","inLanguage":"de","@id":"https:\/\/www.fischwaid-muenchen.de\/#\/schema\/logo\/image\/","url":"https:\/\/www.fischwaid-muenchen.de\/wp-content\/uploads\/2021\/05\/fischwaid-logo.png","contentUrl":"https:\/\/www.fischwaid-muenchen.de\/wp-content\/uploads\/2021\/05\/fischwaid-logo.png","width":1000,"height":1195,"caption":"Fischwaid M\u00fcnchen e.V."},"image":{"@id":"https:\/\/www.fischwaid-muenchen.de\/#\/schema\/logo\/image\/"},"sameAs":["https:\/\/www.facebook.com\/Fischereiverein-Fischwaid-Mnchen-eV-175669222446351","https:\/\/www.instagram.com\/fischwaid_muenchen_ev\/?igshid=YmMyMTA2M2Y="]}]}},"_links":{"self":[{"href":"https:\/\/www.fischwaid-muenchen.de\/index.php?rest_route=\/wp\/v2\/pages\/1305","targetHints":{"allow":["GET"]}}],"collection":[{"href":"https:\/\/www.fischwaid-muenchen.de\/index.php?rest_route=\/wp\/v2\/pages"}],"about":[{"href":"https:\/\/www.fischwaid-muenchen.de\/index.php?rest_route=\/wp\/v2\/types\/page"}],"author":[{"embeddable":true,"href":"https:\/\/www.fischwaid-muenchen.de\/index.php?rest_route=\/wp\/v2\/users\/2"}],"replies":[{"embeddable":true,"href":"https:\/\/www.fischwaid-muenchen.de\/index.php?rest_route=%2Fwp%2Fv2%2Fcomments&post=1305"}],"version-history":[{"count":0,"href":"https:\/\/www.fischwaid-muenchen.de\/index.php?rest_route=\/wp\/v2\/pages\/1305\/revisions"}],"up":[{"embeddable":true,"href":"https:\/\/www.fischwaid-muenchen.de\/index.php?rest_route=\/wp\/v2\/pages\/39"}],"wp:attachment":[{"href":"https:\/\/www.fischwaid-muenchen.de\/index.php?rest_route=%2Fwp%2Fv2%2Fmedia&parent=1305"}],"wp:term":[{"taxonomy":"wf_page_folders","embeddable":true,"href":"https:\/\/www.fischwaid-muenchen.de\/index.php?rest_route=%2Fwp%2Fv2%2Fwf_page_folders&post=1305"}],"curies":[{"name":"wp","href":"https:\/\/api.w.org\/{rel}","templated":true}]}}